{"id":9,"date":"2014-06-16T18:52:09","date_gmt":"2014-06-16T16:52:09","guid":{"rendered":"https:\/\/ueberlebenskunst.at\/survivalshop\/survivalshop\/widerruf\/"},"modified":"2022-05-07T20:06:57","modified_gmt":"2022-05-07T18:06:57","slug":"widerruf","status":"publish","type":"page","link":"https:\/\/ueberlebenskunst.at\/survivalshop\/widerruf\/","title":{"rendered":"Widerruf"},"content":{"rendered":"<p style=\"color: #545454;\"><strong>R\u00fccktrittsrecht bzw. Widerruf (gilt nur f\u00fcr Fernabsatz)<\/strong><\/p>\n<p style=\"color: #545454;\">Sie k\u00f6nnen &#8211; als Verbraucher im Sinne des Konsumentenschutzgesetzes &#8211; binnen einer Frist von 14 Tagen ab Erhalt der Lieferung der bestellten Ware zur\u00fccktreten.<br \/>\nZur Wahrung der Widerrufsfrist gen\u00fcgt die rechtzeitige Absendung des Widerrufs oder der Sache. Achtung: Unfrei versendete Pakete werden nicht angenommen. Kontaktiere uns im Vorfeld unter shop@ueberlebenskunst.at<\/p>\n<p style=\"color: #545454;\">Der Widerruf ist zu richten an:<\/p>\n<p><b>Reini Rossmann GmbH<\/b><br \/>\nPrankenheimstr. 7<br \/>\n3151 St.Georgen am Steinfelde<br \/>\n\u00d6sterreich<\/p>\n<p>&nbsp;<\/p>\n<p><em>Widerrufsfolgen<\/em><\/p>\n<p style=\"color: #545454;\"><strong>Bei R\u00fccksendungen: Die Kosten der R\u00fccksendung gehen zu Lasten des Kunden!<\/strong><\/p>\n<p>Im Falle eines wirksamen Widerrufs sind die beiderseits empfangenen Leistungen zur\u00fcckzugew\u00e4hren und herauszugeben. K\u00f6nnen Sie uns die empfangene Leistung sowie Nutzungen (z.B. Gebrauchsvorteile) nicht oder teilweise nicht oder nur in verschlechtertem Zustand zur\u00fcckgew\u00e4hren beziehungsweise herausgeben, m\u00fcssen Sie uns insoweit Wertersatz leisten.<br \/>\nF\u00fcr die Verschlechterung der Sache und f\u00fcr gezogene Nutzungen m\u00fcssen Sie Wertersatz nur leisten, soweit die Nutzungen oder die Verschlechterung auf einen Umgang mit der Sache zur\u00fcckzuf\u00fchren ist, der \u00fcber die Pr\u00fcfung der Eigenschaften und der Funktionsweise hinausgeht.<\/p>\n<p>Unter &#8220;Pr\u00fcfung der Eigenschaften und der Funktionsweise&#8221; versteht man das Testen und Ausprobieren der jeweiligen Ware, wie es etwa im Ladengesch\u00e4ft m\u00f6glich und \u00fcblich ist.<br \/>\nSie haben die Kosten der R\u00fccksendung zu tragen, wenn die gelieferte Ware der bestellten entspricht.<br \/>\n<strong>Unfrei an uns retournierte Pakte werden von uns nicht angenommen!<br \/>\n<\/strong><br \/>\nVerpflichtungen zur Erstattung von Zahlungen m\u00fcssen innerhalb von 14 Tagen erf\u00fcllt werden. Die Frist beginnt f\u00fcr Sie mit der Absendung Ihrer Widerrufserkl\u00e4rung oder der Sache, f\u00fcr uns mit deren Empfang.<\/p>\n<p>&nbsp;<\/p>\n","protected":false},"excerpt":{"rendered":"<p>R\u00fccktrittsrecht bzw. Widerruf (gilt nur f\u00fcr Fernabsatz) Sie k\u00f6nnen &#8211; als Verbraucher im Sinne des Konsumentenschutzgesetzes &#8211; binnen einer Frist von 14 Tagen ab Erhalt der Lieferung der bestellten Ware zur\u00fccktreten. Zur Wahrung der Widerrufsfrist gen\u00fcgt die rechtzeitige Absendung des Widerrufs oder der Sache. Achtung: Unfrei versendete Pakete werden nicht angenommen. Kontaktiere uns im Vorfeld [&hellip;]<\/p>\n","protected":false},"author":3,"featured_media":0,"parent":0,"menu_order":0,"comment_status":"closed","ping_status":"open","template":"","meta":{"_acf_changed":false,"footnotes":""},"class_list":["post-9","page","type-page","status-publish","hentry"],"acf":[],"yoast_head":"<!-- This site is optimized with the Yoast SEO plugin v27.1.1 - https:\/\/yoast.com\/product\/yoast-seo-wordpress\/ -->\n<title>Widerruf - Reini Rossmann - Survival Shop<\/title>\n<meta name=\"robots\" content=\"index, follow, max-snippet:-1, max-image-preview:large, max-video-preview:-1\" \/>\n<link rel=\"canonical\" href=\"https:\/\/ueberlebenskunst.at\/survivalshop\/widerruf\/\" \/>\n<meta property=\"og:locale\" content=\"de_DE\" \/>\n<meta property=\"og:type\" content=\"article\" \/>\n<meta property=\"og:title\" content=\"Widerruf - Reini Rossmann - Survival Shop\" \/>\n<meta property=\"og:description\" content=\"R\u00fccktrittsrecht bzw. Widerruf (gilt nur f\u00fcr Fernabsatz) Sie k\u00f6nnen &#8211; als Verbraucher im Sinne des Konsumentenschutzgesetzes &#8211; binnen einer Frist von 14 Tagen ab Erhalt der Lieferung der bestellten Ware zur\u00fccktreten. Zur Wahrung der Widerrufsfrist gen\u00fcgt die rechtzeitige Absendung des Widerrufs oder der Sache. Achtung: Unfrei versendete Pakete werden nicht angenommen. Kontaktiere uns im Vorfeld [&hellip;]\" \/>\n<meta property=\"og:url\" content=\"https:\/\/ueberlebenskunst.at\/survivalshop\/widerruf\/\" \/>\n<meta property=\"og:site_name\" content=\"Reini Rossmann - Survival Shop\" \/>\n<meta property=\"article:publisher\" content=\"https:\/\/www.facebook.com\/survival24.org\/\" \/>\n<meta property=\"article:modified_time\" content=\"2022-05-07T18:06:57+00:00\" \/>\n<meta name=\"twitter:card\" content=\"summary_large_image\" \/>\n<meta name=\"twitter:label1\" content=\"Gesch\u00e4tzte Lesezeit\" \/>\n\t<meta name=\"twitter:data1\" content=\"2\u00a0Minuten\" \/>\n<script type=\"application\/ld+json\" class=\"yoast-schema-graph\">{\"@context\":\"https:\/\/schema.org\",\"@graph\":[{\"@type\":\"WebPage\",\"@id\":\"https:\/\/ueberlebenskunst.at\/survivalshop\/widerruf\/\",\"url\":\"https:\/\/ueberlebenskunst.at\/survivalshop\/widerruf\/\",\"name\":\"Widerruf - Reini Rossmann - Survival Shop\",\"isPartOf\":{\"@id\":\"https:\/\/ueberlebenskunst.at\/survivalshop\/#website\"},\"datePublished\":\"2014-06-16T16:52:09+00:00\",\"dateModified\":\"2022-05-07T18:06:57+00:00\",\"breadcrumb\":{\"@id\":\"https:\/\/ueberlebenskunst.at\/survivalshop\/widerruf\/#breadcrumb\"},\"inLanguage\":\"de\",\"potentialAction\":[{\"@type\":\"ReadAction\",\"target\":[\"https:\/\/ueberlebenskunst.at\/survivalshop\/widerruf\/\"]}]},{\"@type\":\"BreadcrumbList\",\"@id\":\"https:\/\/ueberlebenskunst.at\/survivalshop\/widerruf\/#breadcrumb\",\"itemListElement\":[{\"@type\":\"ListItem\",\"position\":1,\"name\":\"Startseite\",\"item\":\"https:\/\/ueberlebenskunst.at\/survivalshop\/\"},{\"@type\":\"ListItem\",\"position\":2,\"name\":\"Widerruf\"}]},{\"@type\":\"WebSite\",\"@id\":\"https:\/\/ueberlebenskunst.at\/survivalshop\/#website\",\"url\":\"https:\/\/ueberlebenskunst.at\/survivalshop\/\",\"name\":\"Reini Rossmann - Survival Shop\",\"description\":\"Survival Shop f\u00fcr Survival, Bushcraft und Prepper\",\"potentialAction\":[{\"@type\":\"SearchAction\",\"target\":{\"@type\":\"EntryPoint\",\"urlTemplate\":\"https:\/\/ueberlebenskunst.at\/survivalshop\/?s={search_term_string}\"},\"query-input\":{\"@type\":\"PropertyValueSpecification\",\"valueRequired\":true,\"valueName\":\"search_term_string\"}}],\"inLanguage\":\"de\"}]}<\/script>\n<!-- \/ Yoast SEO plugin. -->","yoast_head_json":{"title":"Widerruf - Reini Rossmann - Survival Shop","robots":{"index":"index","follow":"follow","max-snippet":"max-snippet:-1","max-image-preview":"max-image-preview:large","max-video-preview":"max-video-preview:-1"},"canonical":"https:\/\/ueberlebenskunst.at\/survivalshop\/widerruf\/","og_locale":"de_DE","og_type":"article","og_title":"Widerruf - Reini Rossmann - Survival Shop","og_description":"R\u00fccktrittsrecht bzw. Widerruf (gilt nur f\u00fcr Fernabsatz) Sie k\u00f6nnen &#8211; als Verbraucher im Sinne des Konsumentenschutzgesetzes &#8211; binnen einer Frist von 14 Tagen ab Erhalt der Lieferung der bestellten Ware zur\u00fccktreten. Zur Wahrung der Widerrufsfrist gen\u00fcgt die rechtzeitige Absendung des Widerrufs oder der Sache. Achtung: Unfrei versendete Pakete werden nicht angenommen. Kontaktiere uns im Vorfeld [&hellip;]","og_url":"https:\/\/ueberlebenskunst.at\/survivalshop\/widerruf\/","og_site_name":"Reini Rossmann - Survival Shop","article_publisher":"https:\/\/www.facebook.com\/survival24.org\/","article_modified_time":"2022-05-07T18:06:57+00:00","twitter_card":"summary_large_image","twitter_misc":{"Gesch\u00e4tzte Lesezeit":"2\u00a0Minuten"},"schema":{"@context":"https:\/\/schema.org","@graph":[{"@type":"WebPage","@id":"https:\/\/ueberlebenskunst.at\/survivalshop\/widerruf\/","url":"https:\/\/ueberlebenskunst.at\/survivalshop\/widerruf\/","name":"Widerruf - Reini Rossmann - Survival Shop","isPartOf":{"@id":"https:\/\/ueberlebenskunst.at\/survivalshop\/#website"},"datePublished":"2014-06-16T16:52:09+00:00","dateModified":"2022-05-07T18:06:57+00:00","breadcrumb":{"@id":"https:\/\/ueberlebenskunst.at\/survivalshop\/widerruf\/#breadcrumb"},"inLanguage":"de","potentialAction":[{"@type":"ReadAction","target":["https:\/\/ueberlebenskunst.at\/survivalshop\/widerruf\/"]}]},{"@type":"BreadcrumbList","@id":"https:\/\/ueberlebenskunst.at\/survivalshop\/widerruf\/#breadcrumb","itemListElement":[{"@type":"ListItem","position":1,"name":"Startseite","item":"https:\/\/ueberlebenskunst.at\/survivalshop\/"},{"@type":"ListItem","position":2,"name":"Widerruf"}]},{"@type":"WebSite","@id":"https:\/\/ueberlebenskunst.at\/survivalshop\/#website","url":"https:\/\/ueberlebenskunst.at\/survivalshop\/","name":"Reini Rossmann - Survival Shop","description":"Survival Shop f\u00fcr Survival, Bushcraft und Prepper","potentialAction":[{"@type":"SearchAction","target":{"@type":"EntryPoint","urlTemplate":"https:\/\/ueberlebenskunst.at\/survivalshop\/?s={search_term_string}"},"query-input":{"@type":"PropertyValueSpecification","valueRequired":true,"valueName":"search_term_string"}}],"inLanguage":"de"}]}},"_links":{"self":[{"href":"https:\/\/ueberlebenskunst.at\/survivalshop\/wp-json\/wp\/v2\/pages\/9","targetHints":{"allow":["GET"]}}],"collection":[{"href":"https:\/\/ueberlebenskunst.at\/survivalshop\/wp-json\/wp\/v2\/pages"}],"about":[{"href":"https:\/\/ueberlebenskunst.at\/survivalshop\/wp-json\/wp\/v2\/types\/page"}],"author":[{"embeddable":true,"href":"https:\/\/ueberlebenskunst.at\/survivalshop\/wp-json\/wp\/v2\/users\/3"}],"replies":[{"embeddable":true,"href":"https:\/\/ueberlebenskunst.at\/survivalshop\/wp-json\/wp\/v2\/comments?post=9"}],"version-history":[{"count":0,"href":"https:\/\/ueberlebenskunst.at\/survivalshop\/wp-json\/wp\/v2\/pages\/9\/revisions"}],"wp:attachment":[{"href":"https:\/\/ueberlebenskunst.at\/survivalshop\/wp-json\/wp\/v2\/media?parent=9"}],"curies":[{"name":"wp","href":"https:\/\/api.w.org\/{rel}","templated":true}]}}