{"id":8,"date":"2014-06-16T18:52:09","date_gmt":"2014-06-16T16:52:09","guid":{"rendered":"https:\/\/ueberlebenskunst.at\/survivalshop\/survivalshop\/versandkosten\/"},"modified":"2023-08-16T11:24:21","modified_gmt":"2023-08-16T09:24:21","slug":"versandkosten","status":"publish","type":"page","link":"https:\/\/ueberlebenskunst.at\/survivalshop\/versandkosten\/","title":{"rendered":"Versandkosten"},"content":{"rendered":"<p><strong>Preise und Versandkosten<\/strong><\/p>\n<p>Die auf den Produktseiten genannten Preise enthalten die gesetzliche Mehrwertsteuer und sonstige Preisbestandteile. Der Versand erfolgt mittels Post AG \u00d6sterreich als versicherter Paketversand bis maximal 31,5 kg Gesamtgewicht.<\/p>\n<p><span style=\"text-decoration: underline;\"><strong>Versand \u00d6sterreich<\/strong><br \/>\n<\/span>Die Versandkostenpauschale in \u00d6sterreich betr\u00e4gt EUR 4,99 &#8211; inkl. Verpackung. Ab einem Bestellwert von EUR 150,- sind der Versand und die Verpackung kostenlos.<\/p>\n<p><span style=\"text-decoration: underline;\"><strong>Versand Deutschland<\/strong><br \/>\n<\/span>Die Versandkostenpauschale in Deutschland betr\u00e4gt EUR 9,50 &#8211; inkl. Verpackung. Ab einem Bestellwert von EUR 150,- sind der Versand und die Verpackung kostenlos.<\/p>\n<p><span style=\"text-decoration: underline;\"><strong>KEIN Versand in die Schweiz<\/strong><\/span><\/p>\n<p>Ein Direktversand in die Schweiz aus unserem Webshop ist leider aus organisatorischen Gr\u00fcnden nicht m\u00f6glich.<\/p>\n<p>Alternativ kannst du dein Paket an einen grenznahen Paketshop wie zum Beispiel das Versandunternehmen MeinEinkauf.ch liefern lassen. Alle Informationen sowie die AGB\u00b4s bitte dem jeweiligen Paketshop Anbieter entnehmen.<\/p>\n","protected":false},"excerpt":{"rendered":"<p>Preise und Versandkosten Die auf den Produktseiten genannten Preise enthalten die gesetzliche Mehrwertsteuer und sonstige Preisbestandteile. Der Versand erfolgt mittels Post AG \u00d6sterreich als versicherter Paketversand bis maximal 31,5 kg Gesamtgewicht. Versand \u00d6sterreich Die Versandkostenpauschale in \u00d6sterreich betr\u00e4gt EUR 4,99 &#8211; inkl. Verpackung. Ab einem Bestellwert von EUR 150,- sind der Versand und die Verpackung [&hellip;]<\/p>\n","protected":false},"author":3,"featured_media":0,"parent":0,"menu_order":0,"comment_status":"closed","ping_status":"open","template":"","meta":{"_acf_changed":false,"footnotes":""},"class_list":["post-8","page","type-page","status-publish","hentry"],"acf":[],"yoast_head":"<!-- This site is optimized with the Yoast SEO plugin v27.1.1 - https:\/\/yoast.com\/product\/yoast-seo-wordpress\/ -->\n<title>Versandkosten - Reini Rossmann - Survival Shop<\/title>\n<meta name=\"robots\" content=\"index, follow, max-snippet:-1, max-image-preview:large, max-video-preview:-1\" \/>\n<link rel=\"canonical\" href=\"https:\/\/ueberlebenskunst.at\/survivalshop\/versandkosten\/\" \/>\n<meta property=\"og:locale\" content=\"de_DE\" \/>\n<meta property=\"og:type\" content=\"article\" \/>\n<meta property=\"og:title\" content=\"Versandkosten - Reini Rossmann - Survival Shop\" \/>\n<meta property=\"og:description\" content=\"Preise und Versandkosten Die auf den Produktseiten genannten Preise enthalten die gesetzliche Mehrwertsteuer und sonstige Preisbestandteile. Der Versand erfolgt mittels Post AG \u00d6sterreich als versicherter Paketversand bis maximal 31,5 kg Gesamtgewicht. Versand \u00d6sterreich Die Versandkostenpauschale in \u00d6sterreich betr\u00e4gt EUR 4,99 &#8211; inkl. Verpackung. Ab einem Bestellwert von EUR 150,- sind der Versand und die Verpackung [&hellip;]\" \/>\n<meta property=\"og:url\" content=\"https:\/\/ueberlebenskunst.at\/survivalshop\/versandkosten\/\" \/>\n<meta property=\"og:site_name\" content=\"Reini Rossmann - Survival Shop\" \/>\n<meta property=\"article:publisher\" content=\"https:\/\/www.facebook.com\/survival24.org\/\" \/>\n<meta property=\"article:modified_time\" content=\"2023-08-16T09:24:21+00:00\" \/>\n<meta name=\"twitter:card\" content=\"summary_large_image\" \/>\n<meta name=\"twitter:label1\" content=\"Gesch\u00e4tzte Lesezeit\" \/>\n\t<meta name=\"twitter:data1\" content=\"1\u00a0Minute\" \/>\n<script type=\"application\/ld+json\" class=\"yoast-schema-graph\">{\"@context\":\"https:\/\/schema.org\",\"@graph\":[{\"@type\":\"WebPage\",\"@id\":\"https:\/\/ueberlebenskunst.at\/survivalshop\/versandkosten\/\",\"url\":\"https:\/\/ueberlebenskunst.at\/survivalshop\/versandkosten\/\",\"name\":\"Versandkosten - Reini Rossmann - Survival Shop\",\"isPartOf\":{\"@id\":\"https:\/\/ueberlebenskunst.at\/survivalshop\/#website\"},\"datePublished\":\"2014-06-16T16:52:09+00:00\",\"dateModified\":\"2023-08-16T09:24:21+00:00\",\"breadcrumb\":{\"@id\":\"https:\/\/ueberlebenskunst.at\/survivalshop\/versandkosten\/#breadcrumb\"},\"inLanguage\":\"de\",\"potentialAction\":[{\"@type\":\"ReadAction\",\"target\":[\"https:\/\/ueberlebenskunst.at\/survivalshop\/versandkosten\/\"]}]},{\"@type\":\"BreadcrumbList\",\"@id\":\"https:\/\/ueberlebenskunst.at\/survivalshop\/versandkosten\/#breadcrumb\",\"itemListElement\":[{\"@type\":\"ListItem\",\"position\":1,\"name\":\"Startseite\",\"item\":\"https:\/\/ueberlebenskunst.at\/survivalshop\/\"},{\"@type\":\"ListItem\",\"position\":2,\"name\":\"Versandkosten\"}]},{\"@type\":\"WebSite\",\"@id\":\"https:\/\/ueberlebenskunst.at\/survivalshop\/#website\",\"url\":\"https:\/\/ueberlebenskunst.at\/survivalshop\/\",\"name\":\"Reini Rossmann - Survival Shop\",\"description\":\"Survival Shop f\u00fcr Survival, Bushcraft und Prepper\",\"potentialAction\":[{\"@type\":\"SearchAction\",\"target\":{\"@type\":\"EntryPoint\",\"urlTemplate\":\"https:\/\/ueberlebenskunst.at\/survivalshop\/?s={search_term_string}\"},\"query-input\":{\"@type\":\"PropertyValueSpecification\",\"valueRequired\":true,\"valueName\":\"search_term_string\"}}],\"inLanguage\":\"de\"}]}<\/script>\n<!-- \/ Yoast SEO plugin. -->","yoast_head_json":{"title":"Versandkosten - Reini Rossmann - Survival Shop","robots":{"index":"index","follow":"follow","max-snippet":"max-snippet:-1","max-image-preview":"max-image-preview:large","max-video-preview":"max-video-preview:-1"},"canonical":"https:\/\/ueberlebenskunst.at\/survivalshop\/versandkosten\/","og_locale":"de_DE","og_type":"article","og_title":"Versandkosten - Reini Rossmann - Survival Shop","og_description":"Preise und Versandkosten Die auf den Produktseiten genannten Preise enthalten die gesetzliche Mehrwertsteuer und sonstige Preisbestandteile. Der Versand erfolgt mittels Post AG \u00d6sterreich als versicherter Paketversand bis maximal 31,5 kg Gesamtgewicht. Versand \u00d6sterreich Die Versandkostenpauschale in \u00d6sterreich betr\u00e4gt EUR 4,99 &#8211; inkl. Verpackung. Ab einem Bestellwert von EUR 150,- sind der Versand und die Verpackung [&hellip;]","og_url":"https:\/\/ueberlebenskunst.at\/survivalshop\/versandkosten\/","og_site_name":"Reini Rossmann - Survival Shop","article_publisher":"https:\/\/www.facebook.com\/survival24.org\/","article_modified_time":"2023-08-16T09:24:21+00:00","twitter_card":"summary_large_image","twitter_misc":{"Gesch\u00e4tzte Lesezeit":"1\u00a0Minute"},"schema":{"@context":"https:\/\/schema.org","@graph":[{"@type":"WebPage","@id":"https:\/\/ueberlebenskunst.at\/survivalshop\/versandkosten\/","url":"https:\/\/ueberlebenskunst.at\/survivalshop\/versandkosten\/","name":"Versandkosten - Reini Rossmann - Survival Shop","isPartOf":{"@id":"https:\/\/ueberlebenskunst.at\/survivalshop\/#website"},"datePublished":"2014-06-16T16:52:09+00:00","dateModified":"2023-08-16T09:24:21+00:00","breadcrumb":{"@id":"https:\/\/ueberlebenskunst.at\/survivalshop\/versandkosten\/#breadcrumb"},"inLanguage":"de","potentialAction":[{"@type":"ReadAction","target":["https:\/\/ueberlebenskunst.at\/survivalshop\/versandkosten\/"]}]},{"@type":"BreadcrumbList","@id":"https:\/\/ueberlebenskunst.at\/survivalshop\/versandkosten\/#breadcrumb","itemListElement":[{"@type":"ListItem","position":1,"name":"Startseite","item":"https:\/\/ueberlebenskunst.at\/survivalshop\/"},{"@type":"ListItem","position":2,"name":"Versandkosten"}]},{"@type":"WebSite","@id":"https:\/\/ueberlebenskunst.at\/survivalshop\/#website","url":"https:\/\/ueberlebenskunst.at\/survivalshop\/","name":"Reini Rossmann - Survival Shop","description":"Survival Shop f\u00fcr Survival, Bushcraft und Prepper","potentialAction":[{"@type":"SearchAction","target":{"@type":"EntryPoint","urlTemplate":"https:\/\/ueberlebenskunst.at\/survivalshop\/?s={search_term_string}"},"query-input":{"@type":"PropertyValueSpecification","valueRequired":true,"valueName":"search_term_string"}}],"inLanguage":"de"}]}},"_links":{"self":[{"href":"https:\/\/ueberlebenskunst.at\/survivalshop\/wp-json\/wp\/v2\/pages\/8","targetHints":{"allow":["GET"]}}],"collection":[{"href":"https:\/\/ueberlebenskunst.at\/survivalshop\/wp-json\/wp\/v2\/pages"}],"about":[{"href":"https:\/\/ueberlebenskunst.at\/survivalshop\/wp-json\/wp\/v2\/types\/page"}],"author":[{"embeddable":true,"href":"https:\/\/ueberlebenskunst.at\/survivalshop\/wp-json\/wp\/v2\/users\/3"}],"replies":[{"embeddable":true,"href":"https:\/\/ueberlebenskunst.at\/survivalshop\/wp-json\/wp\/v2\/comments?post=8"}],"version-history":[{"count":1,"href":"https:\/\/ueberlebenskunst.at\/survivalshop\/wp-json\/wp\/v2\/pages\/8\/revisions"}],"predecessor-version":[{"id":140775,"href":"https:\/\/ueberlebenskunst.at\/survivalshop\/wp-json\/wp\/v2\/pages\/8\/revisions\/140775"}],"wp:attachment":[{"href":"https:\/\/ueberlebenskunst.at\/survivalshop\/wp-json\/wp\/v2\/media?parent=8"}],"curies":[{"name":"wp","href":"https:\/\/api.w.org\/{rel}","templated":true}]}}