{"id":7,"date":"2014-08-16T18:52:09","date_gmt":"2014-08-16T16:52:09","guid":{"rendered":"https:\/\/ueberlebenskunst.at\/survivalshop\/survivalshop\/impressum\/"},"modified":"2025-05-05T19:11:41","modified_gmt":"2025-05-05T17:11:41","slug":"impressum","status":"publish","type":"page","link":"https:\/\/ueberlebenskunst.at\/survivalshop\/impressum\/","title":{"rendered":"Impressum, Kontakt und FAQs"},"content":{"rendered":"<p>Reini Rossmann GmbH<br \/>\nPrankenheimstr. 7<br \/>\n3151 St.Georgen am Steinfeld<br \/>\n\u00d6sterreich<\/p>\n<p>Anfragen zu Bestellungen und Produkten an: <strong>shop@ueberlebenskunst.at<\/strong><br \/>\nDatenschutz Anfragen an: <strong>datenschutz@ueberlebenskunst.at<\/strong><br \/>\nGPSR Verantwortlicher: Reinhard Rossmann <strong>gprs@ueberlebenskunst.at<\/strong><\/p>\n<p><strong>Achtung: wir verf\u00fcgen \u00fcber <span style=\"text-decoration: underline;\">KEIN klassisches Ladengesch\u00e4ft mit klassischen \u00d6ffnungszeiten.<br \/>\n<\/span>Bestellungen sind nur ONLINE m\u00f6glich.<\/strong><\/p>\n<p>Weitere Informationen zu <a href=\"\/survivalshop\/datenschutz\/\" target=\"_blank\" rel=\"noopener noreferrer\">Datenschutz finden Sie hier (klicken)<\/a><\/p>\n<p>Umsatzsteuernummer: ATU74826003<br \/>\nFirmenbuchnummer: FN 519417z<br \/>\nEORI-Nummer: ATEOS1000108615<br \/>\nUnternehmensgegenstand: Dienstleistungen &amp; Verlagswesen sowie Handel mit Waren aller Art<br \/>\nVerantwortlich f\u00fcr den Inhalt: Manuela Rossmann, Gesch\u00e4ftsf\u00fchrung<\/p>\n<p>Inhaltlich verantwortlich: Manuela Rossmann, Adresse wie oben.<\/p>\n<h3 id=\"faq-shop\" class=\"arconix-faq-term-title arconix-faq-term-shop\">Fragen &amp; Antworten<\/h3><div class=\"arconix-faq-accordion-wrap\"><div id=\"faq-172849\" class=\"arconix-faq-accordion-title\">Wie kann ich ein Kundenkonto anlegen?<\/div><div id=\"faq-WiekannicheinKundenkontoanlegen\" class=\"arconix-faq-accordion-content\"><p>Alle Informationen dazu findest du auf folgender Seite -&gt; <strong><a href=\"https:\/\/ueberlebenskunst.at\/survivalshop\/benutzerkonto-info\/\" target=\"_blank\" rel=\"noopener\">Benuzterkonto Information<\/a><\/strong><\/p>\n<\/div><div id=\"faq-12763\" class=\"arconix-faq-accordion-title\">Wo ist meine Bestellung?<\/div><div id=\"faq-WoistmeineBestellung\" class=\"arconix-faq-accordion-content\"><p>Du hast eine Email von &#8220;\u00d6sterreichische\u00a0<span class=\"il\">Post<\/span>\u00a0AG&#8221; &lt;<a href=\"mailto:MeineSendung@post.at\" target=\"_blank\" rel=\"noopener noreferrer\">MeineSendung@<span class=\"il\">post<\/span>.at<\/a>&gt; erhalten. Betreff ist &#8220;Ihre survival shop ueberlebenskunst.at-Bestellung ist in Verteilung&#8221;.<br \/>\nDiese Mails werden automatisch vom System generiert. Es kann daher bis zu <strong>einem Werktag<\/strong> nach Fertigstellung Deines Auftrags dauern, bis diese Mail versendet wird.<\/p>\n<p>In dieser eMail ist die Sendungsnummer enthalten. So sieht das Email von Post AG an Dich aus. Wirf auch einen Blick in den &#8220;SPAM&#8221; oder &#8220;Werbung&#8221; Ordner.<\/p>\n<div>\n<div>\n<p><img decoding=\"async\" class=\"wp-image-7312\" src=\"https:\/\/ueberlebenskunst.at\/survivalshop\/wp-content\/uploads\/2019\/09\/Post-Email-Beispiel-1024x558.jpg\" alt=\"\" width=\"564\" height=\"307\" \/><\/p>\n<p>&nbsp;<\/p>\n<\/div>\n<\/div>\n<h3><strong>F\u00fcr Sendungen nach \u00d6sterreich<\/strong><\/h3>\n<p>Die Sendungsnummer beginnt mit 1010 und wird von der Post AG \u00d6sterreich ausgeliefert.<br \/>\nIm Email ist ein klickbarer Link, der Dich auf die automatische Sendungsverfolgung der Post AG leitet. Dort findest Du eine \u00dcbersicht wo sich Dein Paket befindet. Bei Problemen rufe bitte die Hotline der <strong>Post AG \u00d6sterreich<\/strong> unter <strong>0800 010 100<\/strong> an.<br \/>\nBitte halte daf\u00fcr Deine Sendungsnummer bereit.<\/p>\n<h3><strong>F\u00fcr Sendungen nach Deutschland<\/strong><\/h3>\n<p>Die Sendungsnummer beginnt mit JJAT und wird mit DHL ausgeliefert.<\/p>\n<p>Im Email ist ein klickbarer Link, der Dich auf die automatische Sendungsverfolgung der Post AG leitet.<br \/>\nWICHTIG: Die Sendung wird aber mit DHL Deutschland an Deine Adresse zugestellt.<br \/>\nDort findest Du eine \u00dcbersicht wo sich Dein Paket befindet. Bei Problemen rufe bitte die Hotline von <strong>DHL Deutschland<\/strong> unter <strong>0228 433 31 12<\/strong> an. Bitte halte daf\u00fcr Deine Sendungsnummer bereit.<\/p>\n<p>&nbsp;<\/p>\n<\/div><div id=\"faq-13908\" class=\"arconix-faq-accordion-title\">Ich habe eine Reklamation!<\/div><div id=\"faq-IchhabeeineReklamation\" class=\"arconix-faq-accordion-content\"><p>Sollte Ware defekt angeliefert werden oder Probleme im Betrieb bestehen, sende uns bitte eine Mail MIT BILDERN, die den Defekt zeigen an <strong>reklamation@ueberlebenskunst.at<\/strong><\/p>\n<p>Wenn Du gleich aussagekr\u00e4ftige Bilder sendest, dann hilfst Du mit die Bearbeitungszeit zu reduzieren.<br \/>\nEmails ohne Bild werden von uns mit einer Bildanfrage beantwortet. Also gibt Dir einen Ruck und sende uns nicht einfach eine Mail mit &#8220;da geht was nicht&#8221; :-), sondern beschreibe den Fehler so gut es geht und sende uns Bilder vom defekten Teil.<\/p>\n<\/div><div id=\"faq-12765\" class=\"arconix-faq-accordion-title\">Ich habe einen nicht bestellten Artikel erhalten<\/div><div id=\"faq-IchhabeeinennichtbestelltenArtikelerhalten\" class=\"arconix-faq-accordion-content\"><p>Es tut uns leid, dass es zu einem Problem gekommen ist.<br \/>\nBitte sende uns eine Mail an reklamation@ueberlebenskunst.at mit der Beschreibung des falsch gelieferten Artikels. Am Besten ist ein Foto mit den fehlerhaften Artikel.<\/p>\n<\/div><div id=\"faq-13906\" class=\"arconix-faq-accordion-title\">Ich m\u00f6chte Widerrufen. Wie geht das?<\/div><div id=\"faq-IchmchteWiderrufenWiegehtdas\" class=\"arconix-faq-accordion-content\"><p>ACHTUNG: Unfreie Sendungen werden nicht angenommen.<br \/>\nIm Fall eines Widerruf sende uns in einer Mail an reklamation@ueberlebenskunst.at eine Mail und liste alle Artikel auf, die Du widerrufen willst. Wir geben Dir dann die weitere Vorgehensweise bekannt.<\/p>\n<\/div><div id=\"faq-13918\" class=\"arconix-faq-accordion-title\">Gibt es einen Laden den ich besuchen kann?<\/div><div id=\"faq-GibteseinenLadendenichbesuchenkann\" class=\"arconix-faq-accordion-content\"><p>Wir haben unseren Verkaufsladen aus Zeitgr\u00fcnden aufgegeben und versenden ausschlie\u00dflich. Wir so zu einem reinen Online-Handel geworden. Abholung ist nicht m\u00f6glich.<\/p>\n<\/div><div id=\"faq-13923\" class=\"arconix-faq-accordion-title\">Welche Zahlungsarten stehen zur Auswahl?<\/div><div id=\"faq-WelcheZahlungsartenstehenzurAuswahl\" class=\"arconix-faq-accordion-content\"><p><strong>Zahlungsarten<\/strong><\/p>\n<p>Die Zahlung mittels PayPal sowie Kreditkarte kann am schnellsten abgewickelt werden und sollte f\u00fcr schnelle Lieferungen bevorzugt werden.<\/p>\n<p><span style=\"text-decoration: underline;\"><strong><em>Vorkasse<\/em><\/strong><\/span><\/p>\n<p>Bitte \u00fcberweisen Sie den Gesamtbetrag Ihrer Bestellung auf mein\u00a0Konto.<br \/>\nIm Zuge des Bestellvorganges werden Ihnen die Kontodaten nochmals zugestellt.<\/p>\n<p><span style=\"text-decoration: underline;\"><strong><em>PayPal<\/em><\/strong><\/span><\/p>\n<p>Noch sicherer und schnell bezahlen mit dem PayPal-Konto.<\/p>\n<p><span style=\"text-decoration: underline;\"><strong><em>Kreditkarte<\/em><\/strong><\/span><\/p>\n<p>Noch sicherer und schnell bezahlen mit allen g\u00e4ngigen Kreditkarten.<\/p>\n<p><span style=\"text-decoration: underline;\"><strong><em>EPS- \u00dcberweisung<\/em><\/strong><\/span><\/p>\n<p>Bei sofort \u00dcberweisung wird in Echtzeit die Zahlung an uns \u00fcbermittelt.<\/p>\n<\/div><\/div>\n","protected":false},"excerpt":{"rendered":"<p>Reini Rossmann GmbH Prankenheimstr. 7 3151 St.Georgen am Steinfeld \u00d6sterreich Anfragen zu Bestellungen und Produkten an: shop@ueberlebenskunst.at Datenschutz Anfragen an: datenschutz@ueberlebenskunst.at GPSR Verantwortlicher: Reinhard Rossmann gprs@ueberlebenskunst.at Achtung: wir verf\u00fcgen \u00fcber KEIN klassisches Ladengesch\u00e4ft mit klassischen \u00d6ffnungszeiten. Bestellungen sind nur ONLINE m\u00f6glich. Weitere Informationen zu Datenschutz finden Sie hier (klicken) Umsatzsteuernummer: ATU74826003 Firmenbuchnummer: FN 519417z EORI-Nummer: [&hellip;]<\/p>\n","protected":false},"author":3,"featured_media":0,"parent":0,"menu_order":0,"comment_status":"closed","ping_status":"closed","template":"","meta":{"_acf_changed":false,"footnotes":""},"class_list":["post-7","page","type-page","status-publish","hentry"],"acf":[],"yoast_head":"<!-- This site is optimized with the Yoast SEO plugin v27.1.1 - https:\/\/yoast.com\/product\/yoast-seo-wordpress\/ -->\n<title>Impressum, Kontakt und FAQs - Reini Rossmann - Survival Shop<\/title>\n<meta name=\"robots\" content=\"index, follow, max-snippet:-1, max-image-preview:large, max-video-preview:-1\" \/>\n<link rel=\"canonical\" href=\"https:\/\/ueberlebenskunst.at\/survivalshop\/impressum\/\" \/>\n<meta property=\"og:locale\" content=\"de_DE\" \/>\n<meta property=\"og:type\" content=\"article\" \/>\n<meta property=\"og:title\" content=\"Impressum, Kontakt und FAQs - Reini Rossmann - Survival Shop\" \/>\n<meta property=\"og:description\" content=\"Reini Rossmann GmbH Prankenheimstr. 7 3151 St.Georgen am Steinfeld \u00d6sterreich Anfragen zu Bestellungen und Produkten an: shop@ueberlebenskunst.at Datenschutz Anfragen an: datenschutz@ueberlebenskunst.at GPSR Verantwortlicher: Reinhard Rossmann gprs@ueberlebenskunst.at Achtung: wir verf\u00fcgen \u00fcber KEIN klassisches Ladengesch\u00e4ft mit klassischen \u00d6ffnungszeiten. Bestellungen sind nur ONLINE m\u00f6glich. Weitere Informationen zu Datenschutz finden Sie hier (klicken) Umsatzsteuernummer: ATU74826003 Firmenbuchnummer: FN 519417z EORI-Nummer: [&hellip;]\" \/>\n<meta property=\"og:url\" content=\"https:\/\/ueberlebenskunst.at\/survivalshop\/impressum\/\" \/>\n<meta property=\"og:site_name\" content=\"Reini Rossmann - Survival Shop\" \/>\n<meta property=\"article:publisher\" content=\"https:\/\/www.facebook.com\/survival24.org\/\" \/>\n<meta property=\"article:modified_time\" content=\"2025-05-05T17:11:41+00:00\" \/>\n<meta name=\"twitter:card\" content=\"summary_large_image\" \/>\n<meta name=\"twitter:label1\" content=\"Gesch\u00e4tzte Lesezeit\" \/>\n\t<meta name=\"twitter:data1\" content=\"1\u00a0Minute\" \/>\n<script type=\"application\/ld+json\" class=\"yoast-schema-graph\">{\"@context\":\"https:\/\/schema.org\",\"@graph\":[{\"@type\":\"WebPage\",\"@id\":\"https:\/\/ueberlebenskunst.at\/survivalshop\/impressum\/\",\"url\":\"https:\/\/ueberlebenskunst.at\/survivalshop\/impressum\/\",\"name\":\"Impressum, Kontakt und FAQs - Reini Rossmann - Survival Shop\",\"isPartOf\":{\"@id\":\"https:\/\/ueberlebenskunst.at\/survivalshop\/#website\"},\"datePublished\":\"2014-08-16T16:52:09+00:00\",\"dateModified\":\"2025-05-05T17:11:41+00:00\",\"breadcrumb\":{\"@id\":\"https:\/\/ueberlebenskunst.at\/survivalshop\/impressum\/#breadcrumb\"},\"inLanguage\":\"de\",\"potentialAction\":[{\"@type\":\"ReadAction\",\"target\":[\"https:\/\/ueberlebenskunst.at\/survivalshop\/impressum\/\"]}]},{\"@type\":\"BreadcrumbList\",\"@id\":\"https:\/\/ueberlebenskunst.at\/survivalshop\/impressum\/#breadcrumb\",\"itemListElement\":[{\"@type\":\"ListItem\",\"position\":1,\"name\":\"Startseite\",\"item\":\"https:\/\/ueberlebenskunst.at\/survivalshop\/\"},{\"@type\":\"ListItem\",\"position\":2,\"name\":\"Impressum, Kontakt und FAQs\"}]},{\"@type\":\"WebSite\",\"@id\":\"https:\/\/ueberlebenskunst.at\/survivalshop\/#website\",\"url\":\"https:\/\/ueberlebenskunst.at\/survivalshop\/\",\"name\":\"Reini Rossmann - Survival Shop\",\"description\":\"Survival Shop f\u00fcr Survival, Bushcraft und Prepper\",\"potentialAction\":[{\"@type\":\"SearchAction\",\"target\":{\"@type\":\"EntryPoint\",\"urlTemplate\":\"https:\/\/ueberlebenskunst.at\/survivalshop\/?s={search_term_string}\"},\"query-input\":{\"@type\":\"PropertyValueSpecification\",\"valueRequired\":true,\"valueName\":\"search_term_string\"}}],\"inLanguage\":\"de\"}]}<\/script>\n<!-- \/ Yoast SEO plugin. -->","yoast_head_json":{"title":"Impressum, Kontakt und FAQs - Reini Rossmann - Survival Shop","robots":{"index":"index","follow":"follow","max-snippet":"max-snippet:-1","max-image-preview":"max-image-preview:large","max-video-preview":"max-video-preview:-1"},"canonical":"https:\/\/ueberlebenskunst.at\/survivalshop\/impressum\/","og_locale":"de_DE","og_type":"article","og_title":"Impressum, Kontakt und FAQs - Reini Rossmann - Survival Shop","og_description":"Reini Rossmann GmbH Prankenheimstr. 7 3151 St.Georgen am Steinfeld \u00d6sterreich Anfragen zu Bestellungen und Produkten an: shop@ueberlebenskunst.at Datenschutz Anfragen an: datenschutz@ueberlebenskunst.at GPSR Verantwortlicher: Reinhard Rossmann gprs@ueberlebenskunst.at Achtung: wir verf\u00fcgen \u00fcber KEIN klassisches Ladengesch\u00e4ft mit klassischen \u00d6ffnungszeiten. Bestellungen sind nur ONLINE m\u00f6glich. Weitere Informationen zu Datenschutz finden Sie hier (klicken) Umsatzsteuernummer: ATU74826003 Firmenbuchnummer: FN 519417z EORI-Nummer: [&hellip;]","og_url":"https:\/\/ueberlebenskunst.at\/survivalshop\/impressum\/","og_site_name":"Reini Rossmann - Survival Shop","article_publisher":"https:\/\/www.facebook.com\/survival24.org\/","article_modified_time":"2025-05-05T17:11:41+00:00","twitter_card":"summary_large_image","twitter_misc":{"Gesch\u00e4tzte Lesezeit":"1\u00a0Minute"},"schema":{"@context":"https:\/\/schema.org","@graph":[{"@type":"WebPage","@id":"https:\/\/ueberlebenskunst.at\/survivalshop\/impressum\/","url":"https:\/\/ueberlebenskunst.at\/survivalshop\/impressum\/","name":"Impressum, Kontakt und FAQs - Reini Rossmann - Survival Shop","isPartOf":{"@id":"https:\/\/ueberlebenskunst.at\/survivalshop\/#website"},"datePublished":"2014-08-16T16:52:09+00:00","dateModified":"2025-05-05T17:11:41+00:00","breadcrumb":{"@id":"https:\/\/ueberlebenskunst.at\/survivalshop\/impressum\/#breadcrumb"},"inLanguage":"de","potentialAction":[{"@type":"ReadAction","target":["https:\/\/ueberlebenskunst.at\/survivalshop\/impressum\/"]}]},{"@type":"BreadcrumbList","@id":"https:\/\/ueberlebenskunst.at\/survivalshop\/impressum\/#breadcrumb","itemListElement":[{"@type":"ListItem","position":1,"name":"Startseite","item":"https:\/\/ueberlebenskunst.at\/survivalshop\/"},{"@type":"ListItem","position":2,"name":"Impressum, Kontakt und FAQs"}]},{"@type":"WebSite","@id":"https:\/\/ueberlebenskunst.at\/survivalshop\/#website","url":"https:\/\/ueberlebenskunst.at\/survivalshop\/","name":"Reini Rossmann - Survival Shop","description":"Survival Shop f\u00fcr Survival, Bushcraft und Prepper","potentialAction":[{"@type":"SearchAction","target":{"@type":"EntryPoint","urlTemplate":"https:\/\/ueberlebenskunst.at\/survivalshop\/?s={search_term_string}"},"query-input":{"@type":"PropertyValueSpecification","valueRequired":true,"valueName":"search_term_string"}}],"inLanguage":"de"}]}},"_links":{"self":[{"href":"https:\/\/ueberlebenskunst.at\/survivalshop\/wp-json\/wp\/v2\/pages\/7","targetHints":{"allow":["GET"]}}],"collection":[{"href":"https:\/\/ueberlebenskunst.at\/survivalshop\/wp-json\/wp\/v2\/pages"}],"about":[{"href":"https:\/\/ueberlebenskunst.at\/survivalshop\/wp-json\/wp\/v2\/types\/page"}],"author":[{"embeddable":true,"href":"https:\/\/ueberlebenskunst.at\/survivalshop\/wp-json\/wp\/v2\/users\/3"}],"replies":[{"embeddable":true,"href":"https:\/\/ueberlebenskunst.at\/survivalshop\/wp-json\/wp\/v2\/comments?post=7"}],"version-history":[{"count":3,"href":"https:\/\/ueberlebenskunst.at\/survivalshop\/wp-json\/wp\/v2\/pages\/7\/revisions"}],"predecessor-version":[{"id":189921,"href":"https:\/\/ueberlebenskunst.at\/survivalshop\/wp-json\/wp\/v2\/pages\/7\/revisions\/189921"}],"wp:attachment":[{"href":"https:\/\/ueberlebenskunst.at\/survivalshop\/wp-json\/wp\/v2\/media?parent=7"}],"curies":[{"name":"wp","href":"https:\/\/api.w.org\/{rel}","templated":true}]}}