{"id":19152,"date":"2020-11-10T18:07:14","date_gmt":"2020-11-10T16:07:14","guid":{"rendered":"https:\/\/ueberlebenskunst.at\/survivalshop\/survivalshop\/?page_id=19152"},"modified":"2024-11-22T10:51:57","modified_gmt":"2024-11-22T09:51:57","slug":"batterieverordnung","status":"publish","type":"page","link":"https:\/\/ueberlebenskunst.at\/survivalshop\/batterieverordnung\/","title":{"rendered":"R\u00fccknahme von Elektroger\u00e4ten und Batterien"},"content":{"rendered":"<h3><\/h3>\n<h3><strong>Batterieverordnung<\/strong><\/h3>\n<p>Entsprechend der Batterieverordnung weisen wir darauf hin, dass vollst\u00e4ndig entleerte Batterien in einer daf\u00fcr vorgesehenen Sammelstelle entsorgt werden m\u00fcssen. Du kannst bei uns gekaufte und entleerte Batterien auch gerne an uns zur\u00fccksenden, damit wir diese sachgem\u00e4\u00df f\u00fcr dich entsorgen.<\/p>\n<h3><strong>R\u00fccknahme von Elektro- und Elektronikger\u00e4ten<\/strong><\/h3>\n<p>Gem\u00e4\u00df den gesetzlichen Vorgaben nehmen wir als Hersteller unsere verkauften Elektro- und Elektronikger\u00e4te zur\u00fcck, wenn diese nicht mehr verwendet werden k\u00f6nnen. Ziel ist es, diese Ger\u00e4te umweltgerecht zu entsorgen und wertvolle Ressourcen wiederzuverwerten.<\/p>\n<h3><strong>Wie funktioniert die R\u00fcckgabe?<\/strong><\/h3>\n<p><strong>R\u00fcckgabe an R\u00fccknahmestelle:<\/strong><br \/>\nDie R\u00fccknahme von Altger\u00e4ten und Batterien erfolgt nach Voranmeldung und Best\u00e4tigung unter shop(@)ueberlebenskunst(.)at\u00a0 an unserer R\u00fccknahmestelle. Batterien d\u00fcrfen nur vollst\u00e4ndig entladen zur\u00fcck gegeben werden. R\u00fccknahme erfolgt an folgende Adresse:<\/p>\n<p><strong>Reini Rossmann GmbH<\/strong><br \/>\nPrankenheimstra\u00dfe 7<br \/>\n3151 St. Georgen am Steinfeld<br \/>\n\u00d6sterreich<\/p>\n<p><strong>R\u00fcckgabe per Versand:<\/strong><br \/>\nDie R\u00fccknahme von Altger\u00e4ten und Batterien erfolgt per Versand auf deine eigenen Kosten an unsere R\u00fccknahmestelle. Batterien d\u00fcrfen nur vollst\u00e4ndig entladen versendet werden. Bitte sende bei Bedarf deine alten Ger\u00e4te und Batterien ausreichend frankiert an folgende Adresse:<\/p>\n<p><strong>Reini Rossmann GmbH<\/strong><br \/>\nPrankenheimstra\u00dfe 7<br \/>\n3151 St. Georgen am Steinfeld<br \/>\n\u00d6sterreich<\/p>\n<h3><strong>Umweltgerechte Entsorgung<\/strong><\/h3>\n<p>Alle zur\u00fcckgegebenen Ger\u00e4te und Batterien werden sachgem\u00e4\u00df recycelt oder entsorgt, um die Umwelt zu sch\u00fctzen und Rohstoffe zur\u00fcckzugewinnen.<\/p>\n<h3><strong>Wichtige Hinweise<\/strong><\/h3>\n<ul>\n<li><strong>Keine Entsorgung \u00fcber den Hausm\u00fcll:<\/strong><br \/>\nBitte beachte, dass Elektro- und Elektronikger\u00e4te sowie Batterien nicht \u00fcber den Hausm\u00fcll entsorgt werden d\u00fcrfen.<\/li>\n<\/ul>\n<p>Mit der ordnungsgem\u00e4\u00dfen Entsorgung oder R\u00fcckgabe tr\u00e4gst du aktiv zum Umweltschutz bei und hilfst, wertvolle Ressourcen zu schonen.<\/p>\n","protected":false},"excerpt":{"rendered":"<p>Batterieverordnung Entsprechend der Batterieverordnung weisen wir darauf hin, dass vollst\u00e4ndig entleerte Batterien in einer daf\u00fcr vorgesehenen Sammelstelle entsorgt werden m\u00fcssen. Du kannst bei uns gekaufte und entleerte Batterien auch gerne an uns zur\u00fccksenden, damit wir diese sachgem\u00e4\u00df f\u00fcr dich entsorgen. R\u00fccknahme von Elektro- und Elektronikger\u00e4ten Gem\u00e4\u00df den gesetzlichen Vorgaben nehmen wir als Hersteller unsere verkauften [&hellip;]<\/p>\n","protected":false},"author":1,"featured_media":0,"parent":0,"menu_order":0,"comment_status":"closed","ping_status":"closed","template":"","meta":{"_acf_changed":false,"footnotes":""},"class_list":["post-19152","page","type-page","status-publish","hentry"],"acf":[],"yoast_head":"<!-- This site is optimized with the Yoast SEO plugin v27.1.1 - https:\/\/yoast.com\/product\/yoast-seo-wordpress\/ -->\n<title>R\u00fccknahme von Elektroger\u00e4ten und Batterien - Reini Rossmann - Survival Shop<\/title>\n<meta name=\"robots\" content=\"index, follow, max-snippet:-1, max-image-preview:large, max-video-preview:-1\" \/>\n<link rel=\"canonical\" href=\"https:\/\/ueberlebenskunst.at\/survivalshop\/batterieverordnung\/\" \/>\n<meta property=\"og:locale\" content=\"de_DE\" \/>\n<meta property=\"og:type\" content=\"article\" \/>\n<meta property=\"og:title\" content=\"R\u00fccknahme von Elektroger\u00e4ten und Batterien - Reini Rossmann - Survival Shop\" \/>\n<meta property=\"og:description\" content=\"Batterieverordnung Entsprechend der Batterieverordnung weisen wir darauf hin, dass vollst\u00e4ndig entleerte Batterien in einer daf\u00fcr vorgesehenen Sammelstelle entsorgt werden m\u00fcssen. Du kannst bei uns gekaufte und entleerte Batterien auch gerne an uns zur\u00fccksenden, damit wir diese sachgem\u00e4\u00df f\u00fcr dich entsorgen. R\u00fccknahme von Elektro- und Elektronikger\u00e4ten Gem\u00e4\u00df den gesetzlichen Vorgaben nehmen wir als Hersteller unsere verkauften [&hellip;]\" \/>\n<meta property=\"og:url\" content=\"https:\/\/ueberlebenskunst.at\/survivalshop\/batterieverordnung\/\" \/>\n<meta property=\"og:site_name\" content=\"Reini Rossmann - Survival Shop\" \/>\n<meta property=\"article:publisher\" content=\"https:\/\/www.facebook.com\/survival24.org\/\" \/>\n<meta property=\"article:modified_time\" content=\"2024-11-22T09:51:57+00:00\" \/>\n<meta name=\"twitter:card\" content=\"summary_large_image\" \/>\n<meta name=\"twitter:label1\" content=\"Gesch\u00e4tzte Lesezeit\" \/>\n\t<meta name=\"twitter:data1\" content=\"2\u00a0Minuten\" \/>\n<script type=\"application\/ld+json\" class=\"yoast-schema-graph\">{\"@context\":\"https:\/\/schema.org\",\"@graph\":[{\"@type\":\"WebPage\",\"@id\":\"https:\/\/ueberlebenskunst.at\/survivalshop\/batterieverordnung\/\",\"url\":\"https:\/\/ueberlebenskunst.at\/survivalshop\/batterieverordnung\/\",\"name\":\"R\u00fccknahme von Elektroger\u00e4ten und Batterien - Reini Rossmann - Survival Shop\",\"isPartOf\":{\"@id\":\"https:\/\/ueberlebenskunst.at\/survivalshop\/#website\"},\"datePublished\":\"2020-11-10T16:07:14+00:00\",\"dateModified\":\"2024-11-22T09:51:57+00:00\",\"breadcrumb\":{\"@id\":\"https:\/\/ueberlebenskunst.at\/survivalshop\/batterieverordnung\/#breadcrumb\"},\"inLanguage\":\"de\",\"potentialAction\":[{\"@type\":\"ReadAction\",\"target\":[\"https:\/\/ueberlebenskunst.at\/survivalshop\/batterieverordnung\/\"]}]},{\"@type\":\"BreadcrumbList\",\"@id\":\"https:\/\/ueberlebenskunst.at\/survivalshop\/batterieverordnung\/#breadcrumb\",\"itemListElement\":[{\"@type\":\"ListItem\",\"position\":1,\"name\":\"Startseite\",\"item\":\"https:\/\/ueberlebenskunst.at\/survivalshop\/\"},{\"@type\":\"ListItem\",\"position\":2,\"name\":\"R\u00fccknahme von Elektroger\u00e4ten und Batterien\"}]},{\"@type\":\"WebSite\",\"@id\":\"https:\/\/ueberlebenskunst.at\/survivalshop\/#website\",\"url\":\"https:\/\/ueberlebenskunst.at\/survivalshop\/\",\"name\":\"Reini Rossmann - Survival Shop\",\"description\":\"Survival Shop f\u00fcr Survival, Bushcraft und Prepper\",\"potentialAction\":[{\"@type\":\"SearchAction\",\"target\":{\"@type\":\"EntryPoint\",\"urlTemplate\":\"https:\/\/ueberlebenskunst.at\/survivalshop\/?s={search_term_string}\"},\"query-input\":{\"@type\":\"PropertyValueSpecification\",\"valueRequired\":true,\"valueName\":\"search_term_string\"}}],\"inLanguage\":\"de\"}]}<\/script>\n<!-- \/ Yoast SEO plugin. -->","yoast_head_json":{"title":"R\u00fccknahme von Elektroger\u00e4ten und Batterien - Reini Rossmann - Survival Shop","robots":{"index":"index","follow":"follow","max-snippet":"max-snippet:-1","max-image-preview":"max-image-preview:large","max-video-preview":"max-video-preview:-1"},"canonical":"https:\/\/ueberlebenskunst.at\/survivalshop\/batterieverordnung\/","og_locale":"de_DE","og_type":"article","og_title":"R\u00fccknahme von Elektroger\u00e4ten und Batterien - Reini Rossmann - Survival Shop","og_description":"Batterieverordnung Entsprechend der Batterieverordnung weisen wir darauf hin, dass vollst\u00e4ndig entleerte Batterien in einer daf\u00fcr vorgesehenen Sammelstelle entsorgt werden m\u00fcssen. Du kannst bei uns gekaufte und entleerte Batterien auch gerne an uns zur\u00fccksenden, damit wir diese sachgem\u00e4\u00df f\u00fcr dich entsorgen. R\u00fccknahme von Elektro- und Elektronikger\u00e4ten Gem\u00e4\u00df den gesetzlichen Vorgaben nehmen wir als Hersteller unsere verkauften [&hellip;]","og_url":"https:\/\/ueberlebenskunst.at\/survivalshop\/batterieverordnung\/","og_site_name":"Reini Rossmann - Survival Shop","article_publisher":"https:\/\/www.facebook.com\/survival24.org\/","article_modified_time":"2024-11-22T09:51:57+00:00","twitter_card":"summary_large_image","twitter_misc":{"Gesch\u00e4tzte Lesezeit":"2\u00a0Minuten"},"schema":{"@context":"https:\/\/schema.org","@graph":[{"@type":"WebPage","@id":"https:\/\/ueberlebenskunst.at\/survivalshop\/batterieverordnung\/","url":"https:\/\/ueberlebenskunst.at\/survivalshop\/batterieverordnung\/","name":"R\u00fccknahme von Elektroger\u00e4ten und Batterien - Reini Rossmann - Survival Shop","isPartOf":{"@id":"https:\/\/ueberlebenskunst.at\/survivalshop\/#website"},"datePublished":"2020-11-10T16:07:14+00:00","dateModified":"2024-11-22T09:51:57+00:00","breadcrumb":{"@id":"https:\/\/ueberlebenskunst.at\/survivalshop\/batterieverordnung\/#breadcrumb"},"inLanguage":"de","potentialAction":[{"@type":"ReadAction","target":["https:\/\/ueberlebenskunst.at\/survivalshop\/batterieverordnung\/"]}]},{"@type":"BreadcrumbList","@id":"https:\/\/ueberlebenskunst.at\/survivalshop\/batterieverordnung\/#breadcrumb","itemListElement":[{"@type":"ListItem","position":1,"name":"Startseite","item":"https:\/\/ueberlebenskunst.at\/survivalshop\/"},{"@type":"ListItem","position":2,"name":"R\u00fccknahme von Elektroger\u00e4ten und Batterien"}]},{"@type":"WebSite","@id":"https:\/\/ueberlebenskunst.at\/survivalshop\/#website","url":"https:\/\/ueberlebenskunst.at\/survivalshop\/","name":"Reini Rossmann - Survival Shop","description":"Survival Shop f\u00fcr Survival, Bushcraft und Prepper","potentialAction":[{"@type":"SearchAction","target":{"@type":"EntryPoint","urlTemplate":"https:\/\/ueberlebenskunst.at\/survivalshop\/?s={search_term_string}"},"query-input":{"@type":"PropertyValueSpecification","valueRequired":true,"valueName":"search_term_string"}}],"inLanguage":"de"}]}},"_links":{"self":[{"href":"https:\/\/ueberlebenskunst.at\/survivalshop\/wp-json\/wp\/v2\/pages\/19152","targetHints":{"allow":["GET"]}}],"collection":[{"href":"https:\/\/ueberlebenskunst.at\/survivalshop\/wp-json\/wp\/v2\/pages"}],"about":[{"href":"https:\/\/ueberlebenskunst.at\/survivalshop\/wp-json\/wp\/v2\/types\/page"}],"author":[{"embeddable":true,"href":"https:\/\/ueberlebenskunst.at\/survivalshop\/wp-json\/wp\/v2\/users\/1"}],"replies":[{"embeddable":true,"href":"https:\/\/ueberlebenskunst.at\/survivalshop\/wp-json\/wp\/v2\/comments?post=19152"}],"version-history":[{"count":9,"href":"https:\/\/ueberlebenskunst.at\/survivalshop\/wp-json\/wp\/v2\/pages\/19152\/revisions"}],"predecessor-version":[{"id":177643,"href":"https:\/\/ueberlebenskunst.at\/survivalshop\/wp-json\/wp\/v2\/pages\/19152\/revisions\/177643"}],"wp:attachment":[{"href":"https:\/\/ueberlebenskunst.at\/survivalshop\/wp-json\/wp\/v2\/media?parent=19152"}],"curies":[{"name":"wp","href":"https:\/\/api.w.org\/{rel}","templated":true}]}}