{"id":176394,"date":"2024-11-11T09:40:30","date_gmt":"2024-11-11T08:40:30","guid":{"rendered":"https:\/\/ueberlebenskunst.at\/survivalshop\/?page_id=176394"},"modified":"2024-11-13T16:43:46","modified_gmt":"2024-11-13T15:43:46","slug":"rueckrufaktion","status":"publish","type":"page","link":"https:\/\/ueberlebenskunst.at\/survivalshop\/rueckrufaktion\/","title":{"rendered":"Rueckrufaktion"},"content":{"rendered":"<p><strong>Produktsicherheit<\/strong><\/p>\n<p>Bei ueberlebenskunst.at steht die Sicherheit unserer Kunden an erster Stelle. Sollte ein von uns vertriebenes Produkt nicht den hohen Sicherheitsstandards entsprechen, leiten wir umgehend eine R\u00fcckholaktion ein, um potenzielle Risiken zu minimieren. Unser Ziel ist es, Sie transparent und effizient \u00fcber solche Ma\u00dfnahmen zu informieren und den R\u00fcckgabeprozess so einfach wie m\u00f6glich zu gestalten.<\/p>\n<p><strong>2. Ablauf der R\u00fcckholaktion<\/strong><\/p>\n<ul>\n<li><strong>Identifizierung betroffener Produkte:<\/strong> Wir stellen sicher, dass betroffene Produkte klar identifiziert werden k\u00f6nnen. Dies erfolgt durch Angaben wie Produktname, Modellnummer und eindeutige Erkennungsnummern. Diese Informationen finden Sie in unserer R\u00fcckrufmitteilung sowie auf unserer Website.<\/li>\n<li><strong>Benachrichtigung der Kunden:<\/strong> Sobald ein R\u00fcckruf erforderlich ist, werden alle betroffenen Kunden von uns ausgewertet und informiert. Wir informieren Sie \u00fcber die folgenden Kan\u00e4le:\n<ul>\n<li><strong>E-Mail:<\/strong> Wenn das von ihnen gekaufte Produkt betroffen ist, erhalten Sie eine Benachrichtigung mit allen relevanten Informationen und dem <a href=\"https:\/\/ueberlebenskunst.at\/survivalshop\/wp-content\/uploads\/2024\/11\/Rueckrufformular_ULK_DE.pdf\">R\u00fcckrufformular.<\/a><\/li>\n<li><strong>Website:<\/strong> Auf unserer Homepage ver\u00f6ffentlichen wir eine R\u00fcckrufmitteilung mit detaillierten Informationen.<\/li>\n<\/ul>\n<\/li>\n<li><strong>R\u00fcckgabeprozess:<\/strong> Um den R\u00fcckgabeprozess f\u00fcr Sie so unkompliziert wie m\u00f6glich zu gestalten, bieten wir folgende Option an:\n<ul>\n<li><strong>R\u00fccksendung per Post:<\/strong> Sie erhalten von uns ein vorfrankiertes R\u00fccksendeetikett. Bitte verpacken Sie das Produkt sicher und\u00a0 inklusive ausgef\u00fclltem <a href=\"https:\/\/ueberlebenskunst.at\/survivalshop\/wp-content\/uploads\/2024\/11\/Rueckrufformular_ULK_DE.pdf\">R\u00fcckrufformular <\/a>und senden Sie es an die angegebene Adresse zur\u00fcck.<\/li>\n<li><strong>R\u00fcckerstattung:<\/strong> Sobald Ihr Paket bei uns eingetroffen ist, wird der Kaufbetrag umgehend auf das von Ihnen verwendete Zahlungsmittel zur\u00fcckgebucht. Sollten Sie per Vorkasse bezahlt haben informieren sie uns bitte mittels <a href=\"https:\/\/ueberlebenskunst.at\/survivalshop\/wp-content\/uploads\/2024\/11\/Rueckrufformular_ULK_DE.pdf\">R\u00fcckrufformular<\/a> \u00fcber ihre Kontodaten.<\/li>\n<\/ul>\n<\/li>\n<\/ul>\n<p><strong>3. Kundenservice-Kontakt<\/strong><\/p>\n<p>Bei Fragen oder Anliegen stehen wir Ihnen jederzeit zur Verf\u00fcgung. Sie erreichen unseren Kundenservice unter:<\/p>\n<ul>\n<li><strong>E-Mail:<\/strong> gpsr(at)ueberlebenskunst(.)at<\/li>\n<\/ul>\n<p>Unser Team ist bestrebt, Ihnen schnellstm\u00f6glich weiterzuhelfen und den R\u00fcckgabeprozess so reibungslos wie m\u00f6glich zu gestalten.<\/p>\n<p><em>Hinweis:<\/em> Gem\u00e4\u00df der EU-Verordnung 2023\/988 \u00fcber die allgemeine Produktsicherheit sind wir verpflichtet, im Falle eines R\u00fcckrufs klare und transparente Informationen bereitzustellen, um Ihre Sicherheit zu gew\u00e4hrleisten.<\/p>\n","protected":false},"excerpt":{"rendered":"<p>Produktsicherheit Bei ueberlebenskunst.at steht die Sicherheit unserer Kunden an erster Stelle. Sollte ein von uns vertriebenes Produkt nicht den hohen Sicherheitsstandards entsprechen, leiten wir umgehend eine R\u00fcckholaktion ein, um potenzielle Risiken zu minimieren. Unser Ziel ist es, Sie transparent und effizient \u00fcber solche Ma\u00dfnahmen zu informieren und den R\u00fcckgabeprozess so einfach wie m\u00f6glich zu gestalten. [&hellip;]<\/p>\n","protected":false},"author":2903,"featured_media":0,"parent":0,"menu_order":0,"comment_status":"closed","ping_status":"closed","template":"","meta":{"_acf_changed":false,"footnotes":""},"class_list":["post-176394","page","type-page","status-publish","hentry"],"acf":[],"yoast_head":"<!-- This site is optimized with the Yoast SEO plugin v27.1.1 - https:\/\/yoast.com\/product\/yoast-seo-wordpress\/ -->\n<title>Rueckrufaktion - Reini Rossmann - Survival Shop<\/title>\n<meta name=\"robots\" content=\"index, follow, max-snippet:-1, max-image-preview:large, max-video-preview:-1\" \/>\n<link rel=\"canonical\" href=\"https:\/\/ueberlebenskunst.at\/survivalshop\/rueckrufaktion\/\" \/>\n<meta property=\"og:locale\" content=\"de_DE\" \/>\n<meta property=\"og:type\" content=\"article\" \/>\n<meta property=\"og:title\" content=\"Rueckrufaktion - Reini Rossmann - Survival Shop\" \/>\n<meta property=\"og:description\" content=\"Produktsicherheit Bei ueberlebenskunst.at steht die Sicherheit unserer Kunden an erster Stelle. Sollte ein von uns vertriebenes Produkt nicht den hohen Sicherheitsstandards entsprechen, leiten wir umgehend eine R\u00fcckholaktion ein, um potenzielle Risiken zu minimieren. Unser Ziel ist es, Sie transparent und effizient \u00fcber solche Ma\u00dfnahmen zu informieren und den R\u00fcckgabeprozess so einfach wie m\u00f6glich zu gestalten. [&hellip;]\" \/>\n<meta property=\"og:url\" content=\"https:\/\/ueberlebenskunst.at\/survivalshop\/rueckrufaktion\/\" \/>\n<meta property=\"og:site_name\" content=\"Reini Rossmann - Survival Shop\" \/>\n<meta property=\"article:publisher\" content=\"https:\/\/www.facebook.com\/survival24.org\/\" \/>\n<meta property=\"article:modified_time\" content=\"2024-11-13T15:43:46+00:00\" \/>\n<meta name=\"twitter:card\" content=\"summary_large_image\" \/>\n<meta name=\"twitter:label1\" content=\"Gesch\u00e4tzte Lesezeit\" \/>\n\t<meta name=\"twitter:data1\" content=\"2\u00a0Minuten\" \/>\n<script type=\"application\/ld+json\" class=\"yoast-schema-graph\">{\"@context\":\"https:\/\/schema.org\",\"@graph\":[{\"@type\":\"WebPage\",\"@id\":\"https:\/\/ueberlebenskunst.at\/survivalshop\/rueckrufaktion\/\",\"url\":\"https:\/\/ueberlebenskunst.at\/survivalshop\/rueckrufaktion\/\",\"name\":\"Rueckrufaktion - Reini Rossmann - Survival Shop\",\"isPartOf\":{\"@id\":\"https:\/\/ueberlebenskunst.at\/survivalshop\/#website\"},\"datePublished\":\"2024-11-11T08:40:30+00:00\",\"dateModified\":\"2024-11-13T15:43:46+00:00\",\"breadcrumb\":{\"@id\":\"https:\/\/ueberlebenskunst.at\/survivalshop\/rueckrufaktion\/#breadcrumb\"},\"inLanguage\":\"de\",\"potentialAction\":[{\"@type\":\"ReadAction\",\"target\":[\"https:\/\/ueberlebenskunst.at\/survivalshop\/rueckrufaktion\/\"]}]},{\"@type\":\"BreadcrumbList\",\"@id\":\"https:\/\/ueberlebenskunst.at\/survivalshop\/rueckrufaktion\/#breadcrumb\",\"itemListElement\":[{\"@type\":\"ListItem\",\"position\":1,\"name\":\"Startseite\",\"item\":\"https:\/\/ueberlebenskunst.at\/survivalshop\/\"},{\"@type\":\"ListItem\",\"position\":2,\"name\":\"Rueckrufaktion\"}]},{\"@type\":\"WebSite\",\"@id\":\"https:\/\/ueberlebenskunst.at\/survivalshop\/#website\",\"url\":\"https:\/\/ueberlebenskunst.at\/survivalshop\/\",\"name\":\"Reini Rossmann - Survival Shop\",\"description\":\"Survival Shop f\u00fcr Survival, Bushcraft und Prepper\",\"potentialAction\":[{\"@type\":\"SearchAction\",\"target\":{\"@type\":\"EntryPoint\",\"urlTemplate\":\"https:\/\/ueberlebenskunst.at\/survivalshop\/?s={search_term_string}\"},\"query-input\":{\"@type\":\"PropertyValueSpecification\",\"valueRequired\":true,\"valueName\":\"search_term_string\"}}],\"inLanguage\":\"de\"}]}<\/script>\n<!-- \/ Yoast SEO plugin. -->","yoast_head_json":{"title":"Rueckrufaktion - Reini Rossmann - Survival Shop","robots":{"index":"index","follow":"follow","max-snippet":"max-snippet:-1","max-image-preview":"max-image-preview:large","max-video-preview":"max-video-preview:-1"},"canonical":"https:\/\/ueberlebenskunst.at\/survivalshop\/rueckrufaktion\/","og_locale":"de_DE","og_type":"article","og_title":"Rueckrufaktion - Reini Rossmann - Survival Shop","og_description":"Produktsicherheit Bei ueberlebenskunst.at steht die Sicherheit unserer Kunden an erster Stelle. Sollte ein von uns vertriebenes Produkt nicht den hohen Sicherheitsstandards entsprechen, leiten wir umgehend eine R\u00fcckholaktion ein, um potenzielle Risiken zu minimieren. Unser Ziel ist es, Sie transparent und effizient \u00fcber solche Ma\u00dfnahmen zu informieren und den R\u00fcckgabeprozess so einfach wie m\u00f6glich zu gestalten. [&hellip;]","og_url":"https:\/\/ueberlebenskunst.at\/survivalshop\/rueckrufaktion\/","og_site_name":"Reini Rossmann - Survival Shop","article_publisher":"https:\/\/www.facebook.com\/survival24.org\/","article_modified_time":"2024-11-13T15:43:46+00:00","twitter_card":"summary_large_image","twitter_misc":{"Gesch\u00e4tzte Lesezeit":"2\u00a0Minuten"},"schema":{"@context":"https:\/\/schema.org","@graph":[{"@type":"WebPage","@id":"https:\/\/ueberlebenskunst.at\/survivalshop\/rueckrufaktion\/","url":"https:\/\/ueberlebenskunst.at\/survivalshop\/rueckrufaktion\/","name":"Rueckrufaktion - Reini Rossmann - Survival Shop","isPartOf":{"@id":"https:\/\/ueberlebenskunst.at\/survivalshop\/#website"},"datePublished":"2024-11-11T08:40:30+00:00","dateModified":"2024-11-13T15:43:46+00:00","breadcrumb":{"@id":"https:\/\/ueberlebenskunst.at\/survivalshop\/rueckrufaktion\/#breadcrumb"},"inLanguage":"de","potentialAction":[{"@type":"ReadAction","target":["https:\/\/ueberlebenskunst.at\/survivalshop\/rueckrufaktion\/"]}]},{"@type":"BreadcrumbList","@id":"https:\/\/ueberlebenskunst.at\/survivalshop\/rueckrufaktion\/#breadcrumb","itemListElement":[{"@type":"ListItem","position":1,"name":"Startseite","item":"https:\/\/ueberlebenskunst.at\/survivalshop\/"},{"@type":"ListItem","position":2,"name":"Rueckrufaktion"}]},{"@type":"WebSite","@id":"https:\/\/ueberlebenskunst.at\/survivalshop\/#website","url":"https:\/\/ueberlebenskunst.at\/survivalshop\/","name":"Reini Rossmann - Survival Shop","description":"Survival Shop f\u00fcr Survival, Bushcraft und Prepper","potentialAction":[{"@type":"SearchAction","target":{"@type":"EntryPoint","urlTemplate":"https:\/\/ueberlebenskunst.at\/survivalshop\/?s={search_term_string}"},"query-input":{"@type":"PropertyValueSpecification","valueRequired":true,"valueName":"search_term_string"}}],"inLanguage":"de"}]}},"_links":{"self":[{"href":"https:\/\/ueberlebenskunst.at\/survivalshop\/wp-json\/wp\/v2\/pages\/176394","targetHints":{"allow":["GET"]}}],"collection":[{"href":"https:\/\/ueberlebenskunst.at\/survivalshop\/wp-json\/wp\/v2\/pages"}],"about":[{"href":"https:\/\/ueberlebenskunst.at\/survivalshop\/wp-json\/wp\/v2\/types\/page"}],"author":[{"embeddable":true,"href":"https:\/\/ueberlebenskunst.at\/survivalshop\/wp-json\/wp\/v2\/users\/2903"}],"replies":[{"embeddable":true,"href":"https:\/\/ueberlebenskunst.at\/survivalshop\/wp-json\/wp\/v2\/comments?post=176394"}],"version-history":[{"count":9,"href":"https:\/\/ueberlebenskunst.at\/survivalshop\/wp-json\/wp\/v2\/pages\/176394\/revisions"}],"predecessor-version":[{"id":176889,"href":"https:\/\/ueberlebenskunst.at\/survivalshop\/wp-json\/wp\/v2\/pages\/176394\/revisions\/176889"}],"wp:attachment":[{"href":"https:\/\/ueberlebenskunst.at\/survivalshop\/wp-json\/wp\/v2\/media?parent=176394"}],"curies":[{"name":"wp","href":"https:\/\/api.w.org\/{rel}","templated":true}]}}