{"id":172859,"date":"2024-09-24T13:48:29","date_gmt":"2024-09-24T11:48:29","guid":{"rendered":"https:\/\/ueberlebenskunst.at\/survivalshop\/?page_id=172859"},"modified":"2024-09-24T17:39:31","modified_gmt":"2024-09-24T15:39:31","slug":"benutzerkonto-info","status":"publish","type":"page","link":"https:\/\/ueberlebenskunst.at\/survivalshop\/benutzerkonto-info\/","title":{"rendered":"Kundenkonto Anlegen"},"content":{"rendered":"<ul>\n<li>Benutzerkonto kann <span style=\"color: #ff0000;\"><strong>nur im Zuge einer Bestellung<\/strong><\/span> angelegt werden.<\/li>\n<li>Nachdem du die Artikel im Warenkorb hast, gehst du zur Kasse.<\/li>\n<li>Dort gibst du deine Rechnungs- und Lieferadresse ein.<\/li>\n<li><strong>Setze einen Haken bei \u201eNeues Kundenkonto f\u00fcr diese E-Mail-Adresse anlegen.\u201c.<\/strong><\/li>\n<li><strong>Gib im neuen Feld dein sicheres Passwort ein.<\/strong><\/li>\n<li>Nach Abschluss der Bestellung wird dein Benutzerkonto automatisch angelegt.<\/li>\n<li>Du erh\u00e4ltst eine E-Mail mit einem Link zu deinem Benutzerkonto (Spam-Ordner \u00fcberpr\u00fcfen!).<\/li>\n<li>Ab sofort werden alle Bestellungen deinem Benutzerkonto zugeordnet.<\/li>\n<li>Anmeldung \u00fcber das Benutzerkonto-Symbol jederzeit m\u00f6glich.<\/li>\n<li>Passwort vergessen? Passwort \u00fcber \u201ePasswort vergessen?\u201c oder unter <a href=\"https:\/\/ueberlebenskunst.at\/survivalshop\/mein-konto\/lost-password\/\" target=\"_new\" rel=\"noopener\">https:\/\/ueberlebenskunst.at\/survivalshop\/mein-konto\/lost-password\/<\/a> zur\u00fccksetzen.<\/li>\n<\/ul>\n<p>Ein Benutzerkonto kann <strong>nur im Zuge einer Bestellung<\/strong> angelegt werden. Nachdem du deine Artikel in den Warenkorb gelegt hast, begibst du dich zur Kasse wo du deine Rechnungs- und Lieferadresse eingeben kannst. Dort findest du eine Checkbox mit der Aufschrift \u201eNeues Kundenkonto f\u00fcr diese E-Mail-Adresse anlegen.\u201c. Setze dort einen Haken. Direkt darunter erscheint ein Feld, in dem du ein Passwort eingeben musst. Achte darauf, ein sicheres Passwort zu w\u00e4hlen.<\/p>\n<p><a href=\"https:\/\/ueberlebenskunst.at\/survivalshop\/wp-content\/uploads\/2024\/09\/Benutzerkonto_anlegen.png\"><img decoding=\"async\" class=\"alignnone wp-image-172862 size-medium\" src=\"https:\/\/ueberlebenskunst.at\/survivalshop\/wp-content\/uploads\/2024\/09\/Benutzerkonto_anlegen-300x274.png\" alt=\"\" width=\"300\" height=\"274\" srcset=\"https:\/\/ueberlebenskunst.at\/survivalshop\/wp-content\/uploads\/2024\/09\/Benutzerkonto_anlegen-300x274.png 300w, https:\/\/ueberlebenskunst.at\/survivalshop\/wp-content\/uploads\/2024\/09\/Benutzerkonto_anlegen-600x549.png 600w, https:\/\/ueberlebenskunst.at\/survivalshop\/wp-content\/uploads\/2024\/09\/Benutzerkonto_anlegen-64x59.png 64w, https:\/\/ueberlebenskunst.at\/survivalshop\/wp-content\/uploads\/2024\/09\/Benutzerkonto_anlegen.png 760w\" sizes=\"(max-width: 300px) 100vw, 300px\" \/><\/a><\/p>\n<p>Sobald du deine Bestellung abgeschlossen hast, wird dein Benutzerkonto automatisch angelegt und du erh\u00e4ltst eine E-Mail mit einem Link zu deinem Benutzerkonto. Pr\u00fcfe unbedingt auch deinen Spam-Ordner, falls die E-Mail nicht im Posteingang landet.<\/p>\n<p>Mit deinem Benutzerkonto werden alle zuk\u00fcnftigen Bestellungen deinem Konto zugeordnet. Du kannst dich jederzeit durch einen Klick auf das Benutzerkonto-Symbol anmelden.<\/p>\n<p><a href=\"https:\/\/ueberlebenskunst.at\/survivalshop\/wp-content\/uploads\/2024\/09\/Benutzerkonto_einsteigen.png\"><img decoding=\"async\" class=\"alignnone wp-image-172861 size-full\" src=\"https:\/\/ueberlebenskunst.at\/survivalshop\/wp-content\/uploads\/2024\/09\/Benutzerkonto_einsteigen.png\" alt=\"\" width=\"1763\" height=\"637\" srcset=\"https:\/\/ueberlebenskunst.at\/survivalshop\/wp-content\/uploads\/2024\/09\/Benutzerkonto_einsteigen.png 1763w, https:\/\/ueberlebenskunst.at\/survivalshop\/wp-content\/uploads\/2024\/09\/Benutzerkonto_einsteigen-300x108.png 300w, https:\/\/ueberlebenskunst.at\/survivalshop\/wp-content\/uploads\/2024\/09\/Benutzerkonto_einsteigen-1024x370.png 1024w, https:\/\/ueberlebenskunst.at\/survivalshop\/wp-content\/uploads\/2024\/09\/Benutzerkonto_einsteigen-768x277.png 768w, https:\/\/ueberlebenskunst.at\/survivalshop\/wp-content\/uploads\/2024\/09\/Benutzerkonto_einsteigen-1536x555.png 1536w, https:\/\/ueberlebenskunst.at\/survivalshop\/wp-content\/uploads\/2024\/09\/Benutzerkonto_einsteigen-600x217.png 600w, https:\/\/ueberlebenskunst.at\/survivalshop\/wp-content\/uploads\/2024\/09\/Benutzerkonto_einsteigen-64x23.png 64w\" sizes=\"(max-width: 1763px) 100vw, 1763px\" \/><\/a><\/p>\n<h3>Passwort zur\u00fcck setzen:<\/h3>\n<p>Falls du dein Passwort vergessen hast, kannst du es ganz einfach durch einen Klick auf \u201ePasswort vergessen?\u201c oder \u00fcber diesen Link: <a href=\"https:\/\/ueberlebenskunst.at\/survivalshop\/mein-konto\/lost-password\/\" target=\"_new\" rel=\"noopener\">https:\/\/ueberlebenskunst.at\/survivalshop\/mein-konto\/lost-password\/<\/a> zur\u00fccksetzen.<\/p>\n","protected":false},"excerpt":{"rendered":"<p>Benutzerkonto kann nur im Zuge einer Bestellung angelegt werden. Nachdem du die Artikel im Warenkorb hast, gehst du zur Kasse. Dort gibst du deine Rechnungs- und Lieferadresse ein. Setze einen Haken bei \u201eNeues Kundenkonto f\u00fcr diese E-Mail-Adresse anlegen.\u201c. Gib im neuen Feld dein sicheres Passwort ein. Nach Abschluss der Bestellung wird dein Benutzerkonto automatisch angelegt. [&hellip;]<\/p>\n","protected":false},"author":2903,"featured_media":0,"parent":0,"menu_order":0,"comment_status":"closed","ping_status":"closed","template":"","meta":{"_acf_changed":false,"footnotes":""},"class_list":["post-172859","page","type-page","status-publish","hentry"],"acf":[],"yoast_head":"<!-- This site is optimized with the Yoast SEO plugin v27.1.1 - https:\/\/yoast.com\/product\/yoast-seo-wordpress\/ -->\n<title>Kundenkonto Anlegen - Reini Rossmann - Survival Shop<\/title>\n<meta name=\"robots\" content=\"index, follow, max-snippet:-1, max-image-preview:large, max-video-preview:-1\" \/>\n<link rel=\"canonical\" href=\"https:\/\/ueberlebenskunst.at\/survivalshop\/benutzerkonto-info\/\" \/>\n<meta property=\"og:locale\" content=\"de_DE\" \/>\n<meta property=\"og:type\" content=\"article\" \/>\n<meta property=\"og:title\" content=\"Kundenkonto Anlegen - Reini Rossmann - Survival Shop\" \/>\n<meta property=\"og:description\" content=\"Benutzerkonto kann nur im Zuge einer Bestellung angelegt werden. Nachdem du die Artikel im Warenkorb hast, gehst du zur Kasse. Dort gibst du deine Rechnungs- und Lieferadresse ein. Setze einen Haken bei \u201eNeues Kundenkonto f\u00fcr diese E-Mail-Adresse anlegen.\u201c. Gib im neuen Feld dein sicheres Passwort ein. Nach Abschluss der Bestellung wird dein Benutzerkonto automatisch angelegt. [&hellip;]\" \/>\n<meta property=\"og:url\" content=\"https:\/\/ueberlebenskunst.at\/survivalshop\/benutzerkonto-info\/\" \/>\n<meta property=\"og:site_name\" content=\"Reini Rossmann - Survival Shop\" \/>\n<meta property=\"article:publisher\" content=\"https:\/\/www.facebook.com\/survival24.org\/\" \/>\n<meta property=\"article:modified_time\" content=\"2024-09-24T15:39:31+00:00\" \/>\n<meta property=\"og:image\" content=\"https:\/\/ueberlebenskunst.at\/survivalshop\/wp-content\/uploads\/2024\/09\/Benutzerkonto_anlegen-300x274.png\" \/>\n<meta name=\"twitter:card\" content=\"summary_large_image\" \/>\n<meta name=\"twitter:label1\" content=\"Gesch\u00e4tzte Lesezeit\" \/>\n\t<meta name=\"twitter:data1\" content=\"2\u00a0Minuten\" \/>\n<script type=\"application\/ld+json\" class=\"yoast-schema-graph\">{\"@context\":\"https:\/\/schema.org\",\"@graph\":[{\"@type\":\"WebPage\",\"@id\":\"https:\/\/ueberlebenskunst.at\/survivalshop\/benutzerkonto-info\/\",\"url\":\"https:\/\/ueberlebenskunst.at\/survivalshop\/benutzerkonto-info\/\",\"name\":\"Kundenkonto Anlegen - Reini Rossmann - Survival Shop\",\"isPartOf\":{\"@id\":\"https:\/\/ueberlebenskunst.at\/survivalshop\/#website\"},\"primaryImageOfPage\":{\"@id\":\"https:\/\/ueberlebenskunst.at\/survivalshop\/benutzerkonto-info\/#primaryimage\"},\"image\":{\"@id\":\"https:\/\/ueberlebenskunst.at\/survivalshop\/benutzerkonto-info\/#primaryimage\"},\"thumbnailUrl\":\"https:\/\/ueberlebenskunst.at\/survivalshop\/wp-content\/uploads\/2024\/09\/Benutzerkonto_anlegen-300x274.png\",\"datePublished\":\"2024-09-24T11:48:29+00:00\",\"dateModified\":\"2024-09-24T15:39:31+00:00\",\"breadcrumb\":{\"@id\":\"https:\/\/ueberlebenskunst.at\/survivalshop\/benutzerkonto-info\/#breadcrumb\"},\"inLanguage\":\"de\",\"potentialAction\":[{\"@type\":\"ReadAction\",\"target\":[\"https:\/\/ueberlebenskunst.at\/survivalshop\/benutzerkonto-info\/\"]}]},{\"@type\":\"ImageObject\",\"inLanguage\":\"de\",\"@id\":\"https:\/\/ueberlebenskunst.at\/survivalshop\/benutzerkonto-info\/#primaryimage\",\"url\":\"https:\/\/ueberlebenskunst.at\/survivalshop\/wp-content\/uploads\/2024\/09\/Benutzerkonto_anlegen.png\",\"contentUrl\":\"https:\/\/ueberlebenskunst.at\/survivalshop\/wp-content\/uploads\/2024\/09\/Benutzerkonto_anlegen.png\",\"width\":760,\"height\":695},{\"@type\":\"BreadcrumbList\",\"@id\":\"https:\/\/ueberlebenskunst.at\/survivalshop\/benutzerkonto-info\/#breadcrumb\",\"itemListElement\":[{\"@type\":\"ListItem\",\"position\":1,\"name\":\"Startseite\",\"item\":\"https:\/\/ueberlebenskunst.at\/survivalshop\/\"},{\"@type\":\"ListItem\",\"position\":2,\"name\":\"Kundenkonto Anlegen\"}]},{\"@type\":\"WebSite\",\"@id\":\"https:\/\/ueberlebenskunst.at\/survivalshop\/#website\",\"url\":\"https:\/\/ueberlebenskunst.at\/survivalshop\/\",\"name\":\"Reini Rossmann - Survival Shop\",\"description\":\"Survival Shop f\u00fcr Survival, Bushcraft und Prepper\",\"potentialAction\":[{\"@type\":\"SearchAction\",\"target\":{\"@type\":\"EntryPoint\",\"urlTemplate\":\"https:\/\/ueberlebenskunst.at\/survivalshop\/?s={search_term_string}\"},\"query-input\":{\"@type\":\"PropertyValueSpecification\",\"valueRequired\":true,\"valueName\":\"search_term_string\"}}],\"inLanguage\":\"de\"}]}<\/script>\n<!-- \/ Yoast SEO plugin. -->","yoast_head_json":{"title":"Kundenkonto Anlegen - Reini Rossmann - Survival Shop","robots":{"index":"index","follow":"follow","max-snippet":"max-snippet:-1","max-image-preview":"max-image-preview:large","max-video-preview":"max-video-preview:-1"},"canonical":"https:\/\/ueberlebenskunst.at\/survivalshop\/benutzerkonto-info\/","og_locale":"de_DE","og_type":"article","og_title":"Kundenkonto Anlegen - Reini Rossmann - Survival Shop","og_description":"Benutzerkonto kann nur im Zuge einer Bestellung angelegt werden. Nachdem du die Artikel im Warenkorb hast, gehst du zur Kasse. Dort gibst du deine Rechnungs- und Lieferadresse ein. Setze einen Haken bei \u201eNeues Kundenkonto f\u00fcr diese E-Mail-Adresse anlegen.\u201c. Gib im neuen Feld dein sicheres Passwort ein. Nach Abschluss der Bestellung wird dein Benutzerkonto automatisch angelegt. [&hellip;]","og_url":"https:\/\/ueberlebenskunst.at\/survivalshop\/benutzerkonto-info\/","og_site_name":"Reini Rossmann - Survival Shop","article_publisher":"https:\/\/www.facebook.com\/survival24.org\/","article_modified_time":"2024-09-24T15:39:31+00:00","og_image":[{"url":"https:\/\/ueberlebenskunst.at\/survivalshop\/wp-content\/uploads\/2024\/09\/Benutzerkonto_anlegen-300x274.png","type":"","width":"","height":""}],"twitter_card":"summary_large_image","twitter_misc":{"Gesch\u00e4tzte Lesezeit":"2\u00a0Minuten"},"schema":{"@context":"https:\/\/schema.org","@graph":[{"@type":"WebPage","@id":"https:\/\/ueberlebenskunst.at\/survivalshop\/benutzerkonto-info\/","url":"https:\/\/ueberlebenskunst.at\/survivalshop\/benutzerkonto-info\/","name":"Kundenkonto Anlegen - Reini Rossmann - Survival Shop","isPartOf":{"@id":"https:\/\/ueberlebenskunst.at\/survivalshop\/#website"},"primaryImageOfPage":{"@id":"https:\/\/ueberlebenskunst.at\/survivalshop\/benutzerkonto-info\/#primaryimage"},"image":{"@id":"https:\/\/ueberlebenskunst.at\/survivalshop\/benutzerkonto-info\/#primaryimage"},"thumbnailUrl":"https:\/\/ueberlebenskunst.at\/survivalshop\/wp-content\/uploads\/2024\/09\/Benutzerkonto_anlegen-300x274.png","datePublished":"2024-09-24T11:48:29+00:00","dateModified":"2024-09-24T15:39:31+00:00","breadcrumb":{"@id":"https:\/\/ueberlebenskunst.at\/survivalshop\/benutzerkonto-info\/#breadcrumb"},"inLanguage":"de","potentialAction":[{"@type":"ReadAction","target":["https:\/\/ueberlebenskunst.at\/survivalshop\/benutzerkonto-info\/"]}]},{"@type":"ImageObject","inLanguage":"de","@id":"https:\/\/ueberlebenskunst.at\/survivalshop\/benutzerkonto-info\/#primaryimage","url":"https:\/\/ueberlebenskunst.at\/survivalshop\/wp-content\/uploads\/2024\/09\/Benutzerkonto_anlegen.png","contentUrl":"https:\/\/ueberlebenskunst.at\/survivalshop\/wp-content\/uploads\/2024\/09\/Benutzerkonto_anlegen.png","width":760,"height":695},{"@type":"BreadcrumbList","@id":"https:\/\/ueberlebenskunst.at\/survivalshop\/benutzerkonto-info\/#breadcrumb","itemListElement":[{"@type":"ListItem","position":1,"name":"Startseite","item":"https:\/\/ueberlebenskunst.at\/survivalshop\/"},{"@type":"ListItem","position":2,"name":"Kundenkonto Anlegen"}]},{"@type":"WebSite","@id":"https:\/\/ueberlebenskunst.at\/survivalshop\/#website","url":"https:\/\/ueberlebenskunst.at\/survivalshop\/","name":"Reini Rossmann - Survival Shop","description":"Survival Shop f\u00fcr Survival, Bushcraft und Prepper","potentialAction":[{"@type":"SearchAction","target":{"@type":"EntryPoint","urlTemplate":"https:\/\/ueberlebenskunst.at\/survivalshop\/?s={search_term_string}"},"query-input":{"@type":"PropertyValueSpecification","valueRequired":true,"valueName":"search_term_string"}}],"inLanguage":"de"}]}},"_links":{"self":[{"href":"https:\/\/ueberlebenskunst.at\/survivalshop\/wp-json\/wp\/v2\/pages\/172859","targetHints":{"allow":["GET"]}}],"collection":[{"href":"https:\/\/ueberlebenskunst.at\/survivalshop\/wp-json\/wp\/v2\/pages"}],"about":[{"href":"https:\/\/ueberlebenskunst.at\/survivalshop\/wp-json\/wp\/v2\/types\/page"}],"author":[{"embeddable":true,"href":"https:\/\/ueberlebenskunst.at\/survivalshop\/wp-json\/wp\/v2\/users\/2903"}],"replies":[{"embeddable":true,"href":"https:\/\/ueberlebenskunst.at\/survivalshop\/wp-json\/wp\/v2\/comments?post=172859"}],"version-history":[{"count":7,"href":"https:\/\/ueberlebenskunst.at\/survivalshop\/wp-json\/wp\/v2\/pages\/172859\/revisions"}],"predecessor-version":[{"id":172893,"href":"https:\/\/ueberlebenskunst.at\/survivalshop\/wp-json\/wp\/v2\/pages\/172859\/revisions\/172893"}],"wp:attachment":[{"href":"https:\/\/ueberlebenskunst.at\/survivalshop\/wp-json\/wp\/v2\/media?parent=172859"}],"curies":[{"name":"wp","href":"https:\/\/api.w.org\/{rel}","templated":true}]}}