{"id":14,"date":"2014-06-16T18:52:09","date_gmt":"2014-06-16T16:52:09","guid":{"rendered":"https:\/\/ueberlebenskunst.at\/survivalshop\/survivalshop\/agb\/"},"modified":"2022-05-03T10:14:29","modified_gmt":"2022-05-03T08:14:29","slug":"agb","status":"publish","type":"page","link":"https:\/\/ueberlebenskunst.at\/survivalshop\/agb\/","title":{"rendered":"AGB"},"content":{"rendered":"<p><strong>Allgemeine Gesch\u00e4ftsbedingungen (im Folgenden: AGB)<\/strong><\/p>\n<p>Fassung vom 01.05.2022<\/p>\n<p><strong>Reini Rossmann GmbH<br \/>\nPrankenheimstra\u00dfe 7<br \/>\n3151 St. Georgen am Steinfeld<br \/>\n<\/strong><strong>E-Mail: office@ueberlebenskunst.at<br \/>\nFirmenbuchnummer: FN 519417z<br \/>\n<\/strong><strong>UID: ATU74826003<\/strong><\/p>\n<p><strong>Allgemeines:<\/strong><\/p>\n<p>Diese AGB der Reini Rossmann GmbH (im Folgenden: <em>Verk\u00e4ufer<\/em>) gelten f\u00fcr alle Vertr\u00e4ge, welche der Verk\u00e4ufer mit seinen Kunden \u00fcber die in dessen Online-Shop pr\u00e4sentierten Waren schlie\u00dft. Als <em>Kunden<\/em> gelten in diesen AGB ausschlie\u00dflich Verbraucher.<\/p>\n<p>Als Verbraucher gilt gem\u00e4\u00df \u00a7 1 KSchG jede nat\u00fcrliche Person, die ein Gesch\u00e4ft abschlie\u00dft, welches nicht zum Betrieb ihres Unternehmens geh\u00f6rt.<\/p>\n<p>Mit der Abgabe seiner Vertragserkl\u00e4rung akzeptiert der Kunde diese AGB. Vertragsabschl\u00fcsse sind nur zu diesen Bedingungen m\u00f6glich. Abweichende Gesch\u00e4ftsbedingungen m\u00fcssen im Einzelfall ausdr\u00fccklich schriftlich vereinbart werden.<\/p>\n<p>Bei mehreren, zeitlich auseinander liegenden Vertragsabschl\u00fcssen wird jeweils die zum Zeitpunkt der Abgabe der Vertragserkl\u00e4rung durch den Kunden geltende ver\u00f6ffentlichte Fassung der AGB Vertragsbestandteil.<\/p>\n<p><strong>Vertragsabschluss:<\/strong><\/p>\n<p>Durch das Absenden einer Bestellung stellt der Kunde ein verbindliches Angebot an den Verk\u00e4ufer. Die auf den Webseiten der Reini Rossmann GmbH angezeigten Produkte bzw. deren Beschreibungen stellen keine Angebote dar. Der Kunde wird lediglich dazu eingeladen, ein verbindliches Angebot durch das Klicken auf den Button \u201ezahlungspflichtig bestellen\u201c abzugeben.<\/p>\n<p>Nach Eingang der Bestellung erh\u00e4lt der Kunde eine Best\u00e4tigung des Erhalts seiner Bestellung. Diese Best\u00e4tigung stellt noch keine Annahme des Angebotes dar. Die Annahme erfolgt durch gesonderte schriftliche \u00fcbersandte Auftragsbest\u00e4tigung binnen einer angemessenen Frist von l\u00e4ngstens 5 Werktagen.<\/p>\n<p>F\u00fcr den Fall, dass eine R\u00fccksprache mit dem Kunden hinsichtlich der get\u00e4tigten Bestellung notwendig ist, erfolgt diese \u00fcber die vom Kunden angegebene E-Mail-Adresse. E-Mails des Verk\u00e4ufers, welche an die vom Kunden angegebene E-Mail-Adresse versendet wurden, gelten jedenfalls als zugestellt.<\/p>\n<p>F\u00fcr den Versand von Waren, f\u00fcr die das Gesetz vorsieht, dass sie nur an Personen mit einem Mindestalter von 18 Jahren versandt werden d\u00fcrfen, wird vorab vom Kunden die \u00dcbermittlung eines Ausweises mit entsprechendem Altersnachweis gefordert. Die Ware wird vom Verk\u00e4ufer sodann ausschlie\u00dflich an die vom Kunden hinterlegte Adresse versendet.<\/p>\n<p><strong>R\u00fccktrittsrecht:<\/strong><\/p>\n<p>Einem Verbraucher steht gem\u00e4\u00df \u00a7\u00a011 Fern- und Ausw\u00e4rtsgesch\u00e4fte-Gesetz (im Folgenden: FAGG) ein R\u00fccktrittsrecht zu. Dieser kann von einem Fernabsatzvertrag oder einem au\u00dferhalb von Gesch\u00e4ftsr\u00e4umen geschlossenen Vertrag binnen 14 Tagen ohne Angabe von Gr\u00fcnden zur\u00fccktreten. Die Frist zum R\u00fccktritt beginnt bei Kaufvertr\u00e4gen mit dem Tag, an dem der Kunde den Besitz an der Ware erlangt. F\u00fcr den Fall, dass der Kunde mehrere Waren im Rahmen einer einheitlichen Bestellung bestellt hat, die getrennt geliefert werden, beginnt die R\u00fccktrittsfrist mit dem Tag, an dem der Kunde den Besitz an der zuletzt gelieferten Ware erlangt hat. Bei Lieferung einer Ware in mehreren Teilsendungen beginnt die R\u00fccktrittsfrist mit dem Tag, an dem der Kunde den Besitz an der letzten Teilsendung erlangt hat.<\/p>\n<p>F\u00fcr den R\u00fccktritt muss der Kunde dem Verk\u00e4ufer eine eindeutige Erkl\u00e4rung (z.B.: E-Mail, Brief) \u00fcber seinen Entschluss, den Vertrag zu widerrufen, zukommen lassen. Der R\u00fccktritt ist an keine bestimmte Form gebunden, er muss dem Verk\u00e4ufer lediglich wirksam zugehen.<\/p>\n<p>F\u00fcr den Fall, dass der Kunde den Vertrag widerruft, werden ihm s\u00e4mtliche geleisteten Zahlungen, inklusive der Lieferkosten, unverz\u00fcglich (l\u00e4ngstens binnen 14 Tagen ab dem Tag, an welchem dem Verk\u00e4ufer die R\u00fccktrittserkl\u00e4rung zugegangen ist) zur\u00fcckgezahlt.<\/p>\n<p>F\u00fcr diese R\u00fcckzahlung wird dieselbe Zahlungsmethode verwendet, die der Kunde bei der Transaktion gew\u00e4hlt hat.<\/p>\n<p>Die R\u00fcckzahlung kann solange durch den Verk\u00e4ufer verweigert werden, bis dieser die Ware zur\u00fcckerhalten hat, oder der Verbraucher einen Nachweis \u00fcber die R\u00fccksendung erbracht hat.<\/p>\n<p>Der Kunde hat die Waren unverz\u00fcglich (sp\u00e4testens binnen 14 Tagen ab dem Tag, an dem der Widerruf dem Verk\u00e4ufer zugegangen ist) zur\u00fcckzusenden.<\/p>\n<p>Die Kosten f\u00fcr eine R\u00fccksendung der Ware tr\u00e4gt in jedem Fall der Kunde.<\/p>\n<p><strong>Preise:<\/strong><\/p>\n<p>Bei s\u00e4mtlichen Preisangaben handelt es sich um Endverbraucherpreise, welche die gesetzliche Umsatzsteuer enthalten. Liefer- und Versandkosten werden dem Kunden vor Abgabe seines Angebotes gesondert angezeigt.<\/p>\n<p>Kosten, welche aufgrund einer Auslandslieferung anfallen (Spesen, Steuern, Z\u00f6lle, \u00dcberweisungsgeb\u00fchren, Wechselkurse), sind vom Kunden selbst zu tragen.<\/p>\n<p>Der Kaufpreis ist unabh\u00e4ngig von der gew\u00e4hlten Zahlungsmethode sofort bei Annahme des Angebots f\u00e4llig. Der Versand der Ware erfolgt erst nach Einlangen des Kaufpreises beim Verk\u00e4ufer.<\/p>\n<p><strong>Eigentumsvorbehalt:<\/strong><\/p>\n<p>Die bestellte Ware bleibt bis zur vollst\u00e4ndigen Bezahlung des Kaufpreises und aller damit verbundenen Kosten und Spesen im Eigentum des Verk\u00e4ufers.<\/p>\n<p><strong>Gew\u00e4hrleistung:<\/strong><\/p>\n<p>F\u00fcr Verbraucher gelten die gesetzlichen Gew\u00e4hrleistungsbestimmungen gem\u00e4\u00df \u00a7\u00a7\u00a0922 \u00a0ff\u00a0ABGB sowie gem\u00e4\u00df \u00a7 8 KSchG.<\/p>\n<p>F\u00fcr den Kunden gilt folglich, dass das Recht auf Gew\u00e4hrleistung gem\u00e4\u00df \u00a7 933 Abs 1 ABGB, wenn es bewegliche Sachen betrifft, binnen zwei Jahren gerichtlich geltend gemacht werden muss. Die Frist beginnt mit dem Tag der Ablieferung der Sache.<\/p>\n<p>Verlangt der Verk\u00e4ufer die R\u00fccksendung der Ware und ist die Ware tats\u00e4chlich mangelhaft, tr\u00e4gt der Verk\u00e4ufer die Kosten f\u00fcr die R\u00fccksendung. Andernfalls sind etwaige Kosten der Sendung durch den Kunden zu tragen. Mangelhafte Ware ist daher nur auf ausdr\u00fccklichen Wunsch des Verk\u00e4ufers zur\u00fcck zu senden.<\/p>\n<p><strong>Haftung:<\/strong><\/p>\n<p>Der Verk\u00e4ufer haftet f\u00fcr Sch\u00e4den entsprechend den gesetzlichen Bestimmungen, lediglich die Haftung f\u00fcr leicht fahrl\u00e4ssig zugef\u00fcgte Sch\u00e4den ist ausgeschlossen. Diese Haftungsbeschr\u00e4nkung gilt nicht f\u00fcr Sch\u00e4den aus der Verletzung des Lebens, des K\u00f6rpers oder der Gesundheit von Menschen und f\u00fcr Anspr\u00fcche nach dem Produkthaftungsgesetz.<\/p>\n<p><strong>Urheber- und Nutzungsrechte:<\/strong><\/p>\n<p>S\u00e4mtliche auf den Webseiten der Reini Rossmann GmbH zur Pr\u00e4sentation der Waren ver\u00f6ffentlichten Lichtbilder und Texte unterliegen den Bestimmungen des Urheberrechtsgesetzes. Das Speichern, die Weitergabe (entgeltlich und unentgeltlich) sowie die Vervielf\u00e4ltigung der Lichtbilder durch Kunden der genannten Website sind unzul\u00e4ssig.<\/p>\n<p><strong>Gutscheine:<\/strong><\/p>\n<p>Gutscheine, die vom Verk\u00e4ufer zu Werbezwecken mit einer bestimmten G\u00fcltigkeitsdauer unentgeltlich ausgegeben werden und dem Kunden unentgeltlich \u00fcberlassen werden, k\u00f6nnen nur im Online-Shop eingel\u00f6st werden. Es steht dem Verk\u00e4ufer frei, den Gutschein auf bestimmte Waren zu beschr\u00e4nken. Die G\u00fcltigkeit unentgeltlich ausgegebener Gutscheine kann vom Verk\u00e4ufer jederzeit widerrufen oder abge\u00e4ndert werden.<\/p>\n<p>Gutscheine m\u00fcssen vor Abschluss des Bestellvorgangs eingel\u00f6st werden. Eine nachtr\u00e4gliche Ber\u00fccksichtigung ist nicht m\u00f6glich.<\/p>\n<p>Pro Einkauf kann nur ein Gutschein eingel\u00f6st werden. Ein allf\u00e4lliger Restbetrag wird vom Verk\u00e4ufer nicht ausbezahlt.<\/p>\n<p><strong>Datenschutz:<\/strong><\/p>\n<p>Die vom Kunden im Rahmen der Gesch\u00e4ftsbeziehung bekannt gegebenen pers\u00f6nlichen Daten wie (z.B. Name, Adresse, E-Mail, Telefonnummer, Lieferanschrift) werden vom Verk\u00e4ufer gespeichert um die Bestellung abwickeln zu k\u00f6nnen.<\/p>\n<p>Eine Weitergabe personenbezogener Daten an Dritte findet nicht statt. Die Zustimmung kann vom Kunden jederzeit widerrufen werden.<\/p>\n<p>F\u00fcr den Fall, dass sich der Verk\u00e4ufer im Rahmen der gesetzlichen Bestimmungen des \u00a710 DSG 2000 eines Dienstleisters bedient, muss dieser sich zuvor zur Einhaltung seiner Pflichten gem\u00e4\u00df \u00a711 DSG verpflichten. Weder durch den Verk\u00e4ufer, noch durch dessen allf\u00e4llige Dienstleister werden Daten an Dritte \u00fcbermittelt, die ihren Sitz au\u00dferhalb des Europ\u00e4ischen Wirtschaftsraums haben. Der Verk\u00e4ufer verpflichtet sich zur Einhaltung der Datensicherungsma\u00dfnahmen (\u00a714 DSG) und des Datengeheimnisses (\u00a715 DSG).<\/p>\n<p><strong>Weitere Allgemeine Bestimmungen:<\/strong><\/p>\n<p>Es gilt \u00f6sterreichisches Recht.<\/p>\n<p>Gerichtsstand ist St. P\u00f6lten.<\/p>\n<p>Der Verk\u00e4ufer ist berechtigt, die vorliegenden AGB ge\u00e4nderten Bedingungen und Erfordernissen anzupassen. F\u00fcr den Fall, dass eine solche \u00c4nderung vorgenommen wird, treten die neuen AGB nach Ablauf einer Frist von drei Monaten ab dem Zeitpunkt der Ver\u00f6ffentlichung auf der entsprechenden Webseite der Reini Rossmann GmbH in Kraft.<\/p>\n<p>Sollten einzelne Bestimmung dieser AGB unwirksam sein, so hat anstelle der nicht anwendbaren Bestimmungen zu gelten, was im Hinblick auf Inhalt und Bedeutung der rechtswirksamen Bestimmungen dieser AGB dem Willen der Vertragspartner am besten entspricht.<\/p>\n","protected":false},"excerpt":{"rendered":"<p>Allgemeine Gesch\u00e4ftsbedingungen (im Folgenden: AGB) Fassung vom 01.05.2022 Reini Rossmann GmbH Prankenheimstra\u00dfe 7 3151 St. Georgen am Steinfeld E-Mail: office@ueberlebenskunst.at Firmenbuchnummer: FN 519417z UID: ATU74826003 Allgemeines: Diese AGB der Reini Rossmann GmbH (im Folgenden: Verk\u00e4ufer) gelten f\u00fcr alle Vertr\u00e4ge, welche der Verk\u00e4ufer mit seinen Kunden \u00fcber die in dessen Online-Shop pr\u00e4sentierten Waren schlie\u00dft. Als Kunden [&hellip;]<\/p>\n","protected":false},"author":3,"featured_media":0,"parent":0,"menu_order":0,"comment_status":"closed","ping_status":"open","template":"","meta":{"_acf_changed":false,"footnotes":""},"class_list":["post-14","page","type-page","status-publish","hentry"],"acf":[],"yoast_head":"<!-- This site is optimized with the Yoast SEO plugin v27.1.1 - https:\/\/yoast.com\/product\/yoast-seo-wordpress\/ -->\n<title>AGB - Reini Rossmann - Survival Shop<\/title>\n<meta name=\"robots\" content=\"index, follow, max-snippet:-1, max-image-preview:large, max-video-preview:-1\" \/>\n<link rel=\"canonical\" href=\"https:\/\/ueberlebenskunst.at\/survivalshop\/agb\/\" \/>\n<meta property=\"og:locale\" content=\"de_DE\" \/>\n<meta property=\"og:type\" content=\"article\" \/>\n<meta property=\"og:title\" content=\"AGB - Reini Rossmann - Survival Shop\" \/>\n<meta property=\"og:description\" content=\"Allgemeine Gesch\u00e4ftsbedingungen (im Folgenden: AGB) Fassung vom 01.05.2022 Reini Rossmann GmbH Prankenheimstra\u00dfe 7 3151 St. Georgen am Steinfeld E-Mail: office@ueberlebenskunst.at Firmenbuchnummer: FN 519417z UID: ATU74826003 Allgemeines: Diese AGB der Reini Rossmann GmbH (im Folgenden: Verk\u00e4ufer) gelten f\u00fcr alle Vertr\u00e4ge, welche der Verk\u00e4ufer mit seinen Kunden \u00fcber die in dessen Online-Shop pr\u00e4sentierten Waren schlie\u00dft. Als Kunden [&hellip;]\" \/>\n<meta property=\"og:url\" content=\"https:\/\/ueberlebenskunst.at\/survivalshop\/agb\/\" \/>\n<meta property=\"og:site_name\" content=\"Reini Rossmann - Survival Shop\" \/>\n<meta property=\"article:publisher\" content=\"https:\/\/www.facebook.com\/survival24.org\/\" \/>\n<meta property=\"article:modified_time\" content=\"2022-05-03T08:14:29+00:00\" \/>\n<meta name=\"twitter:card\" content=\"summary_large_image\" \/>\n<meta name=\"twitter:label1\" content=\"Gesch\u00e4tzte Lesezeit\" \/>\n\t<meta name=\"twitter:data1\" content=\"7\u00a0Minuten\" \/>\n<script type=\"application\/ld+json\" class=\"yoast-schema-graph\">{\"@context\":\"https:\/\/schema.org\",\"@graph\":[{\"@type\":\"WebPage\",\"@id\":\"https:\/\/ueberlebenskunst.at\/survivalshop\/agb\/\",\"url\":\"https:\/\/ueberlebenskunst.at\/survivalshop\/agb\/\",\"name\":\"AGB - Reini Rossmann - Survival Shop\",\"isPartOf\":{\"@id\":\"https:\/\/ueberlebenskunst.at\/survivalshop\/#website\"},\"datePublished\":\"2014-06-16T16:52:09+00:00\",\"dateModified\":\"2022-05-03T08:14:29+00:00\",\"breadcrumb\":{\"@id\":\"https:\/\/ueberlebenskunst.at\/survivalshop\/agb\/#breadcrumb\"},\"inLanguage\":\"de\",\"potentialAction\":[{\"@type\":\"ReadAction\",\"target\":[\"https:\/\/ueberlebenskunst.at\/survivalshop\/agb\/\"]}]},{\"@type\":\"BreadcrumbList\",\"@id\":\"https:\/\/ueberlebenskunst.at\/survivalshop\/agb\/#breadcrumb\",\"itemListElement\":[{\"@type\":\"ListItem\",\"position\":1,\"name\":\"Startseite\",\"item\":\"https:\/\/ueberlebenskunst.at\/survivalshop\/\"},{\"@type\":\"ListItem\",\"position\":2,\"name\":\"AGB\"}]},{\"@type\":\"WebSite\",\"@id\":\"https:\/\/ueberlebenskunst.at\/survivalshop\/#website\",\"url\":\"https:\/\/ueberlebenskunst.at\/survivalshop\/\",\"name\":\"Reini Rossmann - Survival Shop\",\"description\":\"Survival Shop f\u00fcr Survival, Bushcraft und Prepper\",\"potentialAction\":[{\"@type\":\"SearchAction\",\"target\":{\"@type\":\"EntryPoint\",\"urlTemplate\":\"https:\/\/ueberlebenskunst.at\/survivalshop\/?s={search_term_string}\"},\"query-input\":{\"@type\":\"PropertyValueSpecification\",\"valueRequired\":true,\"valueName\":\"search_term_string\"}}],\"inLanguage\":\"de\"}]}<\/script>\n<!-- \/ Yoast SEO plugin. -->","yoast_head_json":{"title":"AGB - Reini Rossmann - Survival Shop","robots":{"index":"index","follow":"follow","max-snippet":"max-snippet:-1","max-image-preview":"max-image-preview:large","max-video-preview":"max-video-preview:-1"},"canonical":"https:\/\/ueberlebenskunst.at\/survivalshop\/agb\/","og_locale":"de_DE","og_type":"article","og_title":"AGB - Reini Rossmann - Survival Shop","og_description":"Allgemeine Gesch\u00e4ftsbedingungen (im Folgenden: AGB) Fassung vom 01.05.2022 Reini Rossmann GmbH Prankenheimstra\u00dfe 7 3151 St. Georgen am Steinfeld E-Mail: office@ueberlebenskunst.at Firmenbuchnummer: FN 519417z UID: ATU74826003 Allgemeines: Diese AGB der Reini Rossmann GmbH (im Folgenden: Verk\u00e4ufer) gelten f\u00fcr alle Vertr\u00e4ge, welche der Verk\u00e4ufer mit seinen Kunden \u00fcber die in dessen Online-Shop pr\u00e4sentierten Waren schlie\u00dft. Als Kunden [&hellip;]","og_url":"https:\/\/ueberlebenskunst.at\/survivalshop\/agb\/","og_site_name":"Reini Rossmann - Survival Shop","article_publisher":"https:\/\/www.facebook.com\/survival24.org\/","article_modified_time":"2022-05-03T08:14:29+00:00","twitter_card":"summary_large_image","twitter_misc":{"Gesch\u00e4tzte Lesezeit":"7\u00a0Minuten"},"schema":{"@context":"https:\/\/schema.org","@graph":[{"@type":"WebPage","@id":"https:\/\/ueberlebenskunst.at\/survivalshop\/agb\/","url":"https:\/\/ueberlebenskunst.at\/survivalshop\/agb\/","name":"AGB - Reini Rossmann - Survival Shop","isPartOf":{"@id":"https:\/\/ueberlebenskunst.at\/survivalshop\/#website"},"datePublished":"2014-06-16T16:52:09+00:00","dateModified":"2022-05-03T08:14:29+00:00","breadcrumb":{"@id":"https:\/\/ueberlebenskunst.at\/survivalshop\/agb\/#breadcrumb"},"inLanguage":"de","potentialAction":[{"@type":"ReadAction","target":["https:\/\/ueberlebenskunst.at\/survivalshop\/agb\/"]}]},{"@type":"BreadcrumbList","@id":"https:\/\/ueberlebenskunst.at\/survivalshop\/agb\/#breadcrumb","itemListElement":[{"@type":"ListItem","position":1,"name":"Startseite","item":"https:\/\/ueberlebenskunst.at\/survivalshop\/"},{"@type":"ListItem","position":2,"name":"AGB"}]},{"@type":"WebSite","@id":"https:\/\/ueberlebenskunst.at\/survivalshop\/#website","url":"https:\/\/ueberlebenskunst.at\/survivalshop\/","name":"Reini Rossmann - Survival Shop","description":"Survival Shop f\u00fcr Survival, Bushcraft und Prepper","potentialAction":[{"@type":"SearchAction","target":{"@type":"EntryPoint","urlTemplate":"https:\/\/ueberlebenskunst.at\/survivalshop\/?s={search_term_string}"},"query-input":{"@type":"PropertyValueSpecification","valueRequired":true,"valueName":"search_term_string"}}],"inLanguage":"de"}]}},"_links":{"self":[{"href":"https:\/\/ueberlebenskunst.at\/survivalshop\/wp-json\/wp\/v2\/pages\/14","targetHints":{"allow":["GET"]}}],"collection":[{"href":"https:\/\/ueberlebenskunst.at\/survivalshop\/wp-json\/wp\/v2\/pages"}],"about":[{"href":"https:\/\/ueberlebenskunst.at\/survivalshop\/wp-json\/wp\/v2\/types\/page"}],"author":[{"embeddable":true,"href":"https:\/\/ueberlebenskunst.at\/survivalshop\/wp-json\/wp\/v2\/users\/3"}],"replies":[{"embeddable":true,"href":"https:\/\/ueberlebenskunst.at\/survivalshop\/wp-json\/wp\/v2\/comments?post=14"}],"version-history":[{"count":0,"href":"https:\/\/ueberlebenskunst.at\/survivalshop\/wp-json\/wp\/v2\/pages\/14\/revisions"}],"wp:attachment":[{"href":"https:\/\/ueberlebenskunst.at\/survivalshop\/wp-json\/wp\/v2\/media?parent=14"}],"curies":[{"name":"wp","href":"https:\/\/api.w.org\/{rel}","templated":true}]}}