{"id":10,"date":"2014-06-16T18:52:09","date_gmt":"2014-06-16T16:52:09","guid":{"rendered":"https:\/\/ueberlebenskunst.at\/survivalshop\/survivalshop\/datenschutz\/"},"modified":"2025-05-05T19:15:37","modified_gmt":"2025-05-05T17:15:37","slug":"datenschutz","status":"publish","type":"page","link":"https:\/\/ueberlebenskunst.at\/survivalshop\/datenschutz\/","title":{"rendered":"Datenschutz"},"content":{"rendered":"<h3>Datenschutz<\/h3>\n<p>Anfragen zu Datenschutz bitte an datenschutz@ueberlebenskunst.at stellen.\u00a0<iframe style=\"max-width: 100%; padding-top: 2em; border-top: 1px solid grey; margin-top: 2em; padding-bottom: 2em; border-bottom: 1px solid grey; margin-botttom: 2em;\" src=\"https:\/\/www.iubenda.com\/privacy-policy\/18423209\/legal\" width=\"800\" height=\"640\" frameborder=\"0\" allowfullscreen=\"allowfullscreen\"><\/iframe><\/p>\n<p><a href=\"https:\/\/www.iubenda.com\/privacy-policy\/18423209\/legal\" target=\"_blank\" rel=\"noopener\">Unsere Datenschutzerkl\u00e4rung bei iubenda<\/a><\/p>\n<h3>Deine Privatsph\u00e4ren-Einstellungen<\/h3>\n<p>Du kannst deine gew\u00e4hlten Einstellungen zur Privatsph\u00e4re hier bearbeiten:<\/p>\n<button  href=\"#consent-change\" role=\"button\" id=\"rcb-sc-link-change\" data-success-message=\"\" class=\"rcb-sc-link rcb-sc-link-change \">Privatsph\u00e4re-Einstellungen \u00e4ndern<\/button>\n","protected":false},"excerpt":{"rendered":"<p>Datenschutz Anfragen zu Datenschutz bitte an datenschutz@ueberlebenskunst.at stellen.\u00a0 Unsere Datenschutzerkl\u00e4rung bei iubenda Deine Privatsph\u00e4ren-Einstellungen Du kannst deine gew\u00e4hlten Einstellungen zur Privatsph\u00e4re hier bearbeiten:<\/p>\n","protected":false},"author":3,"featured_media":0,"parent":0,"menu_order":0,"comment_status":"closed","ping_status":"open","template":"","meta":{"_acf_changed":false,"footnotes":""},"class_list":["post-10","page","type-page","status-publish","hentry"],"acf":[],"yoast_head":"<!-- This site is optimized with the Yoast SEO plugin v27.1.1 - https:\/\/yoast.com\/product\/yoast-seo-wordpress\/ -->\n<title>Datenschutz - Reini Rossmann - Survival Shop<\/title>\n<meta name=\"robots\" content=\"index, follow, max-snippet:-1, max-image-preview:large, max-video-preview:-1\" \/>\n<link rel=\"canonical\" href=\"https:\/\/ueberlebenskunst.at\/survivalshop\/datenschutz\/\" \/>\n<meta property=\"og:locale\" content=\"de_DE\" \/>\n<meta property=\"og:type\" content=\"article\" \/>\n<meta property=\"og:title\" content=\"Datenschutz - Reini Rossmann - Survival Shop\" \/>\n<meta property=\"og:description\" content=\"Datenschutz Anfragen zu Datenschutz bitte an datenschutz@ueberlebenskunst.at stellen.\u00a0 Unsere Datenschutzerkl\u00e4rung bei iubenda Deine Privatsph\u00e4ren-Einstellungen Du kannst deine gew\u00e4hlten Einstellungen zur Privatsph\u00e4re hier bearbeiten:\" \/>\n<meta property=\"og:url\" content=\"https:\/\/ueberlebenskunst.at\/survivalshop\/datenschutz\/\" \/>\n<meta property=\"og:site_name\" content=\"Reini Rossmann - Survival Shop\" \/>\n<meta property=\"article:publisher\" content=\"https:\/\/www.facebook.com\/survival24.org\/\" \/>\n<meta property=\"article:modified_time\" content=\"2025-05-05T17:15:37+00:00\" \/>\n<meta name=\"twitter:card\" content=\"summary_large_image\" \/>\n<meta name=\"twitter:label1\" content=\"Gesch\u00e4tzte Lesezeit\" \/>\n\t<meta name=\"twitter:data1\" content=\"1\u00a0Minute\" \/>\n<script type=\"application\/ld+json\" class=\"yoast-schema-graph\">{\"@context\":\"https:\/\/schema.org\",\"@graph\":[{\"@type\":\"WebPage\",\"@id\":\"https:\/\/ueberlebenskunst.at\/survivalshop\/datenschutz\/\",\"url\":\"https:\/\/ueberlebenskunst.at\/survivalshop\/datenschutz\/\",\"name\":\"Datenschutz - Reini Rossmann - Survival Shop\",\"isPartOf\":{\"@id\":\"https:\/\/ueberlebenskunst.at\/survivalshop\/#website\"},\"datePublished\":\"2014-06-16T16:52:09+00:00\",\"dateModified\":\"2025-05-05T17:15:37+00:00\",\"breadcrumb\":{\"@id\":\"https:\/\/ueberlebenskunst.at\/survivalshop\/datenschutz\/#breadcrumb\"},\"inLanguage\":\"de\",\"potentialAction\":[{\"@type\":\"ReadAction\",\"target\":[\"https:\/\/ueberlebenskunst.at\/survivalshop\/datenschutz\/\"]}]},{\"@type\":\"BreadcrumbList\",\"@id\":\"https:\/\/ueberlebenskunst.at\/survivalshop\/datenschutz\/#breadcrumb\",\"itemListElement\":[{\"@type\":\"ListItem\",\"position\":1,\"name\":\"Startseite\",\"item\":\"https:\/\/ueberlebenskunst.at\/survivalshop\/\"},{\"@type\":\"ListItem\",\"position\":2,\"name\":\"Datenschutz\"}]},{\"@type\":\"WebSite\",\"@id\":\"https:\/\/ueberlebenskunst.at\/survivalshop\/#website\",\"url\":\"https:\/\/ueberlebenskunst.at\/survivalshop\/\",\"name\":\"Reini Rossmann - Survival Shop\",\"description\":\"Survival Shop f\u00fcr Survival, Bushcraft und Prepper\",\"potentialAction\":[{\"@type\":\"SearchAction\",\"target\":{\"@type\":\"EntryPoint\",\"urlTemplate\":\"https:\/\/ueberlebenskunst.at\/survivalshop\/?s={search_term_string}\"},\"query-input\":{\"@type\":\"PropertyValueSpecification\",\"valueRequired\":true,\"valueName\":\"search_term_string\"}}],\"inLanguage\":\"de\"}]}<\/script>\n<!-- \/ Yoast SEO plugin. -->","yoast_head_json":{"title":"Datenschutz - Reini Rossmann - Survival Shop","robots":{"index":"index","follow":"follow","max-snippet":"max-snippet:-1","max-image-preview":"max-image-preview:large","max-video-preview":"max-video-preview:-1"},"canonical":"https:\/\/ueberlebenskunst.at\/survivalshop\/datenschutz\/","og_locale":"de_DE","og_type":"article","og_title":"Datenschutz - Reini Rossmann - Survival Shop","og_description":"Datenschutz Anfragen zu Datenschutz bitte an datenschutz@ueberlebenskunst.at stellen.\u00a0 Unsere Datenschutzerkl\u00e4rung bei iubenda Deine Privatsph\u00e4ren-Einstellungen Du kannst deine gew\u00e4hlten Einstellungen zur Privatsph\u00e4re hier bearbeiten:","og_url":"https:\/\/ueberlebenskunst.at\/survivalshop\/datenschutz\/","og_site_name":"Reini Rossmann - Survival Shop","article_publisher":"https:\/\/www.facebook.com\/survival24.org\/","article_modified_time":"2025-05-05T17:15:37+00:00","twitter_card":"summary_large_image","twitter_misc":{"Gesch\u00e4tzte Lesezeit":"1\u00a0Minute"},"schema":{"@context":"https:\/\/schema.org","@graph":[{"@type":"WebPage","@id":"https:\/\/ueberlebenskunst.at\/survivalshop\/datenschutz\/","url":"https:\/\/ueberlebenskunst.at\/survivalshop\/datenschutz\/","name":"Datenschutz - Reini Rossmann - Survival Shop","isPartOf":{"@id":"https:\/\/ueberlebenskunst.at\/survivalshop\/#website"},"datePublished":"2014-06-16T16:52:09+00:00","dateModified":"2025-05-05T17:15:37+00:00","breadcrumb":{"@id":"https:\/\/ueberlebenskunst.at\/survivalshop\/datenschutz\/#breadcrumb"},"inLanguage":"de","potentialAction":[{"@type":"ReadAction","target":["https:\/\/ueberlebenskunst.at\/survivalshop\/datenschutz\/"]}]},{"@type":"BreadcrumbList","@id":"https:\/\/ueberlebenskunst.at\/survivalshop\/datenschutz\/#breadcrumb","itemListElement":[{"@type":"ListItem","position":1,"name":"Startseite","item":"https:\/\/ueberlebenskunst.at\/survivalshop\/"},{"@type":"ListItem","position":2,"name":"Datenschutz"}]},{"@type":"WebSite","@id":"https:\/\/ueberlebenskunst.at\/survivalshop\/#website","url":"https:\/\/ueberlebenskunst.at\/survivalshop\/","name":"Reini Rossmann - Survival Shop","description":"Survival Shop f\u00fcr Survival, Bushcraft und Prepper","potentialAction":[{"@type":"SearchAction","target":{"@type":"EntryPoint","urlTemplate":"https:\/\/ueberlebenskunst.at\/survivalshop\/?s={search_term_string}"},"query-input":{"@type":"PropertyValueSpecification","valueRequired":true,"valueName":"search_term_string"}}],"inLanguage":"de"}]}},"_links":{"self":[{"href":"https:\/\/ueberlebenskunst.at\/survivalshop\/wp-json\/wp\/v2\/pages\/10","targetHints":{"allow":["GET"]}}],"collection":[{"href":"https:\/\/ueberlebenskunst.at\/survivalshop\/wp-json\/wp\/v2\/pages"}],"about":[{"href":"https:\/\/ueberlebenskunst.at\/survivalshop\/wp-json\/wp\/v2\/types\/page"}],"author":[{"embeddable":true,"href":"https:\/\/ueberlebenskunst.at\/survivalshop\/wp-json\/wp\/v2\/users\/3"}],"replies":[{"embeddable":true,"href":"https:\/\/ueberlebenskunst.at\/survivalshop\/wp-json\/wp\/v2\/comments?post=10"}],"version-history":[{"count":1,"href":"https:\/\/ueberlebenskunst.at\/survivalshop\/wp-json\/wp\/v2\/pages\/10\/revisions"}],"predecessor-version":[{"id":189923,"href":"https:\/\/ueberlebenskunst.at\/survivalshop\/wp-json\/wp\/v2\/pages\/10\/revisions\/189923"}],"wp:attachment":[{"href":"https:\/\/ueberlebenskunst.at\/survivalshop\/wp-json\/wp\/v2\/media?parent=10"}],"curies":[{"name":"wp","href":"https:\/\/api.w.org\/{rel}","templated":true}]}}